{"id":885573,"date":"2022-09-30T12:17:15","date_gmt":"2022-09-30T10:17:15","guid":{"rendered":"https:\/\/hotmixpro.tempurl.host\/?page_id=885573"},"modified":"2026-01-14T08:52:15","modified_gmt":"2026-01-14T07:52:15","slug":"attrezzature-per-cucine-professionali-per-rsa-e-case-di-cura","status":"publish","type":"page","link":"https:\/\/hotmixpro.com\/it\/attrezzature-per-cucine-professionali-per-rsa-e-case-di-cura\/","title":{"rendered":"Attrezzature per cucine professionali per RSA e case di cura"},"content":{"rendered":"<div class=\"content-bootstrap-area\">\n[et_pb_section][et_pb_row][et_pb_column type=&#8221;4_4&#8243;][et_pb_text]<img decoding=\"async\" class=\"alignnone size-medium wp-image-858347\" src=\"https:\/\/hotmixpro.tempurl.host\/wp-content\/uploads\/2022\/09\/Attrezzature-e-Forniture-Horeca-per-cucine-case-di-riposo.png\" alt=\"Attrezzature e Forniture Horeca per cucine case di riposo\" width=\"1000\" height=\"300\" \/>\n<p style=\"font-size: 16px;\">Nel percorso terapeutico di un paziente, nella quotidianit\u00e0 di una lungodegenza o comunque all\u2019interno di un iter assistenziale a breve o lungo termine, la cura dell\u2019alimentazione acquista un valore estremamente importante, sia per il ruolo che ricopre all\u2019interno della giornata dell\u2019assistito, sia in senso strettamente nutrizionale.\nIn questo caso specifico un discorso particolare va fatto per ci\u00f2 che concerne la preparazione di pasti per disfagici, che necessita di uniformit\u00e0 in termini di granulometria, equilibrio nell\u2019apporto nutrizionale e al contempo sistemi di sminuzzamento che risultino rapidi ed efficaci. Tutto ci\u00f2 non potrebbe essere concepito ed elaborato se non con <strong>attrezzature professionali per le cucine di RSA, ospedali e case di cura.<\/strong><\/p>\n\n<h3><i>Quali sono le caratteristiche principali delle cucine professionali in ambito ospedaliero?<\/i><\/h3>\n<p style=\"font-size: 16px;\">La malnutrizione ospedaliera \u00e8 considerata una \u201cmalattia nella malattia\u201d, con ricadute assai pesanti su tempi e costi di degenza. Poter disporre di macchine adeguate e all\u2019avanguardia, e in generale di a<strong>ttrezzature professionali per le cucine di RSA, ospedali e case di cura<\/strong>, permette ad operatori e catene di ristorazione collettiva di mantenere uno standard qualitativo alto e costante nel tempo, con forte ricaduta positiva per ci\u00f2 che riguarda benessere del paziente e risparmio in termini di tempo. HotmixPro, con la sua linea di mixer termici, si inserisce a pieno titolo in quest\u2019ambito, risultando ai primi posti per efficacia ed innovazione tra le a<strong>ttrezzature professionali presenti in case di riposo, nelle RSA e nelle cucine ospedaliere<\/strong>.\nI mixer termici HotmixPro possono contare su di una velocit\u00e0 di rotazione fino a 16.000 rpm, permettendo l\u2019omogeneizzazione di qualsiasi alimento in brevissimo tempo, ottenendo il livello di fluidit\u00e0 desiderato.\nIl controllo grado per grado della temperatura ci consente di cuocere ogni alimento alla temperatura desiderata indipendentemente dalla quantit\u00e0 di prodotto processato.\nQuesta opzione, unita alla funzione Wait Temp, rende possibile mantenere la nostra preparazione alla temperatura impostata per tutto il tempo necessario.<\/p>\n\n<h3>Perch\u00e9 scegliere le attrezzature professionali HotmixPro per le mense e cucine delle casa di riposo?<\/h3>\n<p style=\"font-size: 16px;\">Nelle cucine di case di riposo, RSA e ospedali, il numero di pasti da preparare pu\u00f2 variare di giorno in giorno, soprattutto quando si tratta di patologie come la disfagia. I mixer termici HotmixPro hanno una gamma molto ampia, con bicchieri da 2, 3 e 5 litri, in modo da adattarsi ad ogni necessit\u00e0 degli operatori.\nLa struttura, i bicchieri e le lame, completamente in acciaio, permettono una facile pulizia e igienizzazione, caratteristiche indispensabili in contesti di produzione alimentare.\nLa robustezza di motore e gruppo lame garantisce inoltre la possibilit\u00e0 di lavorare intensamente e a lungo senza problemi. Standardizzare i processi di lavoro \u00e8 un\u2019altra caratteristica estremamente utile in contesti all\u2019interno dei quali possono variare gli operatori.\nLa presenza di una scheda SD in ogni macchina prevede, in caso di necessit\u00e0, la possibilit\u00e0 di registrare i processi pi\u00f9 utilizzati, in modo da riprodurre ad ogni ciclo di lavoro le stesse impostazioni di tempo, temperatura e velocit\u00e0.<\/p>\n<p style=\"font-size: 16px;\">La semplicit\u00e0 di impostazione dei comandi, la struttura robusta e compatta e la facilit\u00e0 di utilizzo rendono i nostri mixer termici adatti ad essere implementati in tutte le cucine di case di riposo, RSA ed ospedali. Gi\u00e0 numerose realt\u00e0 di questo settore si avvalgono dell\u2019aiuto dei nostri prodotti che garantiscono loro, soprattutto in ambiti specifici come quello della disfagia, la possibilit\u00e0 di adattare le impostazioni della macchina al tipo di risultato che si vuole ottenere in ogni specifico caso. Poche o tante che siano le porzioni, i tempi di lavoro rimangono comunque estremamente contenuti a fronte di un risultato sempre costante.\nLa pulizia semplice e veloce permette di risparmiare tempo ed energia, concedendo maggior margine alle attivit\u00e0 di preparazione e produzione. La realizzazione e l\u2019assistenza interamente italiane delle nostre macchine garantiscono un feedback veloce e costante tra l\u2019utente e il produttore.\nQuesto permette, nelle collaborazioni pi\u00f9 importanti e strutturate, un filo diretto con l\u2019azienda, nell\u2019ottica di trovare la miglior soluzione in termini di modello e capacit\u00e0 sulla base delle necessit\u00e0 del cliente.<\/p>\n<p style=\"font-size: 16px;\">HotmixPro Gastro: efficace, veloce, robusto e programmabile. Un alleato indispensabile in ogni contesto di produzione ospedaliera, in RSA e case di riposo.<\/p>\n\n<h3><strong>Alcuni clienti del settore<\/strong><\/h3>\n<a href=\"https:\/\/gelatoconsapevole.com\/\"><img decoding=\"async\" class=\"alignnone wp-image-857651\" src=\"https:\/\/hotmixpro.tempurl.host\/wp-content\/uploads\/2022\/09\/GC-logo.jpg\" alt=\"GC\" width=\"176\" height=\"176\" \/><\/a> <a href=\"http:\/\/www.klimedia.it\/\"><img decoding=\"async\" class=\"alignnone wp-image-857651\" src=\"https:\/\/hotmixpro.tempurl.host\/wp-content\/uploads\/2022\/09\/LOGO-klimedia.jpg\" alt=\"Klimedia\" width=\"153\" height=\"153\" \/><\/a>\n<h3><strong>I nostri premi e riconoscimenti<\/strong><\/h3>\n<p style=\"font-size: 16px;\">&#8220;<em>FSE Tomorrow Award<\/em>&#8220;, \u201c<em>Kenneth F. Hine Best of Show<\/em>\u201d &amp; <em>\u201cBest new product<\/em>\u201d at IHMRS, \u201cSmall Light Equipment Innovation Award\u201d at Gulfood, pi\u00f9 che uno traguardo sono per noi uno stimolo a proseguire sulla strada dell\u2019innovazione al servizio del professionista.<\/p>\n<img decoding=\"async\" class=\" wp-image-857651 alignnone\" src=\"https:\/\/hotmixpro.tempurl.host\/wp-content\/uploads\/2022\/06\/premi-hotmixpro.png\" alt=\"\" width=\"880\" height=\"132\" \/>[\/et_pb_text][\/et_pb_column][\/et_pb_row][\/et_pb_section]\n<\/div>","protected":false},"excerpt":{"rendered":"<p><div class=\"et_pb_section et_pb_section_0 et_section_regular\" >\n\t\t\t\t\n\t\t\t\t\n\t\t\t\t\n\t\t\t\t\n\t\t\t\t\n\t\t\t\t\n\t\t\t\t\n\t\t\t\t\n\t\t\t\t\n\t\t\t<\/div><div class=\"et_pb_row et_pb_row_0 et_pb_row_empty\">\n\t\t\t\t\n\t\t\t\t\n\t\t\t\t\n\t\t\t\t\n\t\t\t\t\n\t\t\t<\/div><div class=\"et_pb_module et_pb_text et_pb_text_0  et_pb_text_align_left et_pb_bg_layout_light\">\n\t\t\t\t\n\t\t\t\t\n\t\t\t\t\n\t\t\t\t\n\t\t\t\t\n\t\t\t<\/div> Nel percorso terapeutico di un paziente, nella quotidianit\u00e0 di una lungodegenza o comunque all\u2019interno di un iter assistenziale a breve o lungo termine, la cura dell\u2019alimentazione acquista un valore estremamente importante, sia per il ruolo che ricopre all\u2019interno della giornata dell\u2019assistito, sia in senso strettamente nutrizionale. In questo caso specifico un discorso particolare va [&hellip;]<\/p>\n","protected":false},"author":5,"featured_media":0,"parent":0,"menu_order":0,"comment_status":"closed","ping_status":"closed","template":"","meta":{"_et_pb_use_builder":"on","_et_pb_old_content":"<img class=\"alignnone size-medium wp-image-858347\" src=\"https:\/\/hotmixpro.tempurl.host\/wp-content\/uploads\/2022\/09\/Attrezzature-e-Forniture-Horeca-per-cucine-case-di-riposo.png\" alt=\"Attrezzature e Forniture Horeca per cucine case di riposo\" width=\"1000\" height=\"300\" \/>\n<p style=\"font-size: 16px;\">Nel percorso terapeutico di un paziente, nella quotidianit\u00e0 di una lungodegenza o comunque all\u2019interno di un iter assistenziale a breve o lungo termine, la cura dell\u2019alimentazione acquista un valore estremamente importante, sia per il ruolo che ricopre all\u2019interno della giornata dell\u2019assistito, sia in senso strettamente nutrizionale.\nIn questo caso specifico un discorso particolare va fatto per ci\u00f2 che concerne la preparazione di pasti per disfagici, che necessita di uniformit\u00e0 in termini di granulometria, equilibrio nell\u2019apporto nutrizionale e al contempo sistemi di sminuzzamento che risultino rapidi ed efficaci. Tutto ci\u00f2 non potrebbe essere concepito ed elaborato se non con <strong>attrezzature professionali per le cucine di RSA, ospedali e case di cura.<\/strong><\/p>\n\n<h3><i>Quali sono le caratteristiche principali delle cucine professionali in ambito ospedaliero?<\/i><\/h3>\n<p style=\"font-size: 16px;\">La malnutrizione ospedaliera \u00e8 considerata una \u201cmalattia nella malattia\u201d, con ricadute assai pesanti su tempi e costi di degenza. Poter disporre di macchine adeguate e all\u2019avanguardia, e in generale di a<strong>ttrezzature professionali per le cucine di RSA, ospedali e case di cura<\/strong>, permette ad operatori e catene di ristorazione collettiva di mantenere uno standard qualitativo alto e costante nel tempo, con forte ricaduta positiva per ci\u00f2 che riguarda benessere del paziente e risparmio in termini di tempo. HotmixPro, con la sua linea di mixer termici, si inserisce a pieno titolo in quest\u2019ambito, risultando ai primi posti per efficacia ed innovazione tra le a<strong>ttrezzature professionali presenti in case di riposo, nelle RSA e nelle cucine ospedaliere<\/strong>.\nI mixer termici HotmixPro possono contare su di una velocit\u00e0 di rotazione fino a 16.000 rpm, permettendo l\u2019omogeneizzazione di qualsiasi alimento in brevissimo tempo, ottenendo il livello di fluidit\u00e0 desiderato.\nIl controllo grado per grado della temperatura ci consente di cuocere ogni alimento alla temperatura desiderata indipendentemente dalla quantit\u00e0 di prodotto processato.\nQuesta opzione, unita alla funzione Wait Temp, rende possibile mantenere la nostra preparazione alla temperatura impostata per tutto il tempo necessario.<\/p>\n\n<h3>Perch\u00e9 scegliere le attrezzature professionali HotmixPro per le mense e cucine delle casa di riposo?<\/h3>\n<p style=\"font-size: 16px;\">Nelle cucine di case di riposo, RSA e ospedali, il numero di pasti da preparare pu\u00f2 variare di giorno in giorno, soprattutto quando si tratta di patologie come la disfagia. I mixer termici HotmixPro hanno una gamma molto ampia, con bicchieri da 2, 3 e 5 litri, in modo da adattarsi ad ogni necessit\u00e0 degli operatori.\nLa struttura, i bicchieri e le lame, completamente in acciaio, permettono una facile pulizia e igienizzazione, caratteristiche indispensabili in contesti di produzione alimentare.\nLa robustezza di motore e gruppo lame garantisce inoltre la possibilit\u00e0 di lavorare intensamente e a lungo senza problemi. Standardizzare i processi di lavoro \u00e8 un\u2019altra caratteristica estremamente utile in contesti all\u2019interno dei quali possono variare gli operatori.\nLa presenza di una scheda SD in ogni macchina prevede, in caso di necessit\u00e0, la possibilit\u00e0 di registrare i processi pi\u00f9 utilizzati, in modo da riprodurre ad ogni ciclo di lavoro le stesse impostazioni di tempo, temperatura e velocit\u00e0.<\/p>\n<p style=\"font-size: 16px;\">La semplicit\u00e0 di impostazione dei comandi, la struttura robusta e compatta e la facilit\u00e0 di utilizzo rendono i nostri mixer termici adatti ad essere implementati in tutte le cucine di case di riposo, RSA ed ospedali. Gi\u00e0 numerose realt\u00e0 di questo settore si avvalgono dell\u2019aiuto dei nostri prodotti che garantiscono loro, soprattutto in ambiti specifici come quello della disfagia, la possibilit\u00e0 di adattare le impostazioni della macchina al tipo di risultato che si vuole ottenere in ogni specifico caso. Poche o tante che siano le porzioni, i tempi di lavoro rimangono comunque estremamente contenuti a fronte di un risultato sempre costante.\nLa pulizia semplice e veloce permette di risparmiare tempo ed energia, concedendo maggior margine alle attivit\u00e0 di preparazione e produzione. La realizzazione e l\u2019assistenza interamente italiane delle nostre macchine garantiscono un feedback veloce e costante tra l\u2019utente e il produttore.\nQuesto permette, nelle collaborazioni pi\u00f9 importanti e strutturate, un filo diretto con l\u2019azienda, nell\u2019ottica di trovare la miglior soluzione in termini di modello e capacit\u00e0 sulla base delle necessit\u00e0 del cliente.<\/p>\n<p style=\"font-size: 16px;\">HotmixPro Gastro: efficace, veloce, robusto e programmabile. Un alleato indispensabile in ogni contesto di produzione ospedaliera, in RSA e case di riposo.<\/p>\n\n<h3><strong>Alcuni clienti del settore<\/strong><\/h3>\n<a href=\"https:\/\/gelatoconsapevole.com\/\"><img class=\"alignnone wp-image-857651\" src=\"https:\/\/hotmixpro.tempurl.host\/wp-content\/uploads\/2022\/09\/GC-logo.jpg\" alt=\"GC\" width=\"176\" height=\"176\" \/><\/a> <a href=\"http:\/\/www.klimedia.it\/\"><img class=\"alignnone wp-image-857651\" src=\"https:\/\/hotmixpro.tempurl.host\/wp-content\/uploads\/2022\/09\/LOGO-klimedia.jpg\" alt=\"Klimedia\" width=\"153\" height=\"153\" \/><\/a>\n<h3><strong>I nostri premi e riconoscimenti<\/strong><\/h3>\n<p style=\"font-size: 16px;\">\"<em>FSE Tomorrow Award<\/em>\", \u201c<em>Kenneth F. Hine Best of Show<\/em>\u201d &amp; <em>\u201cBest new product<\/em>\u201d at IHMRS, \u201cSmall Light Equipment Innovation Award\u201d at Gulfood, pi\u00f9 che uno traguardo sono per noi uno stimolo a proseguire sulla strada dell\u2019innovazione al servizio del professionista.<\/p>\n<img class=\" wp-image-857651 alignnone\" src=\"https:\/\/hotmixpro.tempurl.host\/wp-content\/uploads\/2022\/06\/premi-hotmixpro.png\" alt=\"\" width=\"880\" height=\"132\" \/>","_et_gb_content_width":"","footnotes":""},"class_list":["post-885573","page","type-page","status-publish","hentry"],"yoast_head":"<!-- This site is optimized with the Yoast SEO plugin v27.5 - https:\/\/yoast.com\/product\/yoast-seo-wordpress\/ -->\n<title>Attrezzature per cucine professionali per RSA e case di cura - HotmixPRO<\/title>\n<meta name=\"robots\" content=\"index, follow, max-snippet:-1, max-image-preview:large, max-video-preview:-1\" \/>\n<link rel=\"canonical\" href=\"https:\/\/hotmixpro.com\/it\/attrezzature-per-cucine-professionali-per-rsa-e-case-di-cura\/\" \/>\n<meta property=\"og:locale\" content=\"it_IT\" \/>\n<meta property=\"og:type\" content=\"article\" \/>\n<meta property=\"og:title\" content=\"Attrezzature per cucine professionali per RSA e case di cura - HotmixPRO\" \/>\n<meta property=\"og:description\" content=\"Nel percorso terapeutico di un paziente, nella quotidianit\u00e0 di una lungodegenza o comunque all\u2019interno di un iter assistenziale a breve o lungo termine, la cura dell\u2019alimentazione acquista un valore estremamente importante, sia per il ruolo che ricopre all\u2019interno della giornata dell\u2019assistito, sia in senso strettamente nutrizionale. In questo caso specifico un discorso particolare va [&hellip;]\" \/>\n<meta property=\"og:url\" content=\"https:\/\/hotmixpro.com\/it\/attrezzature-per-cucine-professionali-per-rsa-e-case-di-cura\/\" \/>\n<meta property=\"og:site_name\" content=\"HotmixPRO\" \/>\n<meta property=\"article:publisher\" content=\"https:\/\/facebook.com\/hotmixpro.page\" \/>\n<meta property=\"article:modified_time\" content=\"2026-01-14T07:52:15+00:00\" \/>\n<meta name=\"twitter:card\" content=\"summary_large_image\" \/>\n<meta name=\"twitter:label1\" content=\"Tempo di lettura stimato\" \/>\n\t<meta name=\"twitter:data1\" content=\"4 minuti\" \/>\n<script type=\"application\/ld+json\" class=\"yoast-schema-graph\">{\"@context\":\"https:\\\/\\\/schema.org\",\"@graph\":[{\"@type\":\"WebPage\",\"@id\":\"https:\\\/\\\/hotmixpro.com\\\/it\\\/attrezzature-per-cucine-professionali-per-rsa-e-case-di-cura\\\/\",\"url\":\"https:\\\/\\\/hotmixpro.com\\\/it\\\/attrezzature-per-cucine-professionali-per-rsa-e-case-di-cura\\\/\",\"name\":\"Attrezzature per cucine professionali per RSA e case di cura - HotmixPRO\",\"isPartOf\":{\"@id\":\"https:\\\/\\\/hotmixpro.com\\\/it\\\/#website\"},\"primaryImageOfPage\":{\"@id\":\"https:\\\/\\\/hotmixpro.com\\\/it\\\/attrezzature-per-cucine-professionali-per-rsa-e-case-di-cura\\\/#primaryimage\"},\"image\":{\"@id\":\"https:\\\/\\\/hotmixpro.com\\\/it\\\/attrezzature-per-cucine-professionali-per-rsa-e-case-di-cura\\\/#primaryimage\"},\"thumbnailUrl\":\"https:\\\/\\\/hotmixpro.tempurl.host\\\/wp-content\\\/uploads\\\/2022\\\/09\\\/Attrezzature-e-Forniture-Horeca-per-cucine-case-di-riposo.png\",\"datePublished\":\"2022-09-30T10:17:15+00:00\",\"dateModified\":\"2026-01-14T07:52:15+00:00\",\"breadcrumb\":{\"@id\":\"https:\\\/\\\/hotmixpro.com\\\/it\\\/attrezzature-per-cucine-professionali-per-rsa-e-case-di-cura\\\/#breadcrumb\"},\"inLanguage\":\"it-IT\",\"potentialAction\":[{\"@type\":\"ReadAction\",\"target\":[\"https:\\\/\\\/hotmixpro.com\\\/it\\\/attrezzature-per-cucine-professionali-per-rsa-e-case-di-cura\\\/\"]}]},{\"@type\":\"ImageObject\",\"inLanguage\":\"it-IT\",\"@id\":\"https:\\\/\\\/hotmixpro.com\\\/it\\\/attrezzature-per-cucine-professionali-per-rsa-e-case-di-cura\\\/#primaryimage\",\"url\":\"https:\\\/\\\/hotmixpro.tempurl.host\\\/wp-content\\\/uploads\\\/2022\\\/09\\\/Attrezzature-e-Forniture-Horeca-per-cucine-case-di-riposo.png\",\"contentUrl\":\"https:\\\/\\\/hotmixpro.tempurl.host\\\/wp-content\\\/uploads\\\/2022\\\/09\\\/Attrezzature-e-Forniture-Horeca-per-cucine-case-di-riposo.png\"},{\"@type\":\"BreadcrumbList\",\"@id\":\"https:\\\/\\\/hotmixpro.com\\\/it\\\/attrezzature-per-cucine-professionali-per-rsa-e-case-di-cura\\\/#breadcrumb\",\"itemListElement\":[{\"@type\":\"ListItem\",\"position\":1,\"name\":\"Home\",\"item\":\"https:\\\/\\\/hotmixpro.com\\\/it\\\/home\\\/\"},{\"@type\":\"ListItem\",\"position\":2,\"name\":\"Attrezzature per cucine professionali per RSA e case di cura\"}]},{\"@type\":\"WebSite\",\"@id\":\"https:\\\/\\\/hotmixpro.com\\\/it\\\/#website\",\"url\":\"https:\\\/\\\/hotmixpro.com\\\/it\\\/\",\"name\":\"HotmixPRO\",\"description\":\"the Chef&#039;s choice\",\"publisher\":{\"@id\":\"https:\\\/\\\/hotmixpro.com\\\/it\\\/#organization\"},\"potentialAction\":[{\"@type\":\"SearchAction\",\"target\":{\"@type\":\"EntryPoint\",\"urlTemplate\":\"https:\\\/\\\/hotmixpro.com\\\/it\\\/?s={search_term_string}\"},\"query-input\":{\"@type\":\"PropertyValueSpecification\",\"valueRequired\":true,\"valueName\":\"search_term_string\"}}],\"inLanguage\":\"it-IT\"},{\"@type\":\"Organization\",\"@id\":\"https:\\\/\\\/hotmixpro.com\\\/it\\\/#organization\",\"name\":\"HotmixPRO\",\"url\":\"https:\\\/\\\/hotmixpro.com\\\/it\\\/\",\"logo\":{\"@type\":\"ImageObject\",\"inLanguage\":\"it-IT\",\"@id\":\"https:\\\/\\\/hotmixpro.com\\\/it\\\/#\\\/schema\\\/logo\\\/image\\\/\",\"url\":\"https:\\\/\\\/hotmixpro.com\\\/wp-content\\\/uploads\\\/2020\\\/03\\\/unnamed-2.jpg\",\"contentUrl\":\"https:\\\/\\\/hotmixpro.com\\\/wp-content\\\/uploads\\\/2020\\\/03\\\/unnamed-2.jpg\",\"width\":314,\"height\":115,\"caption\":\"HotmixPRO\"},\"image\":{\"@id\":\"https:\\\/\\\/hotmixpro.com\\\/it\\\/#\\\/schema\\\/logo\\\/image\\\/\"},\"sameAs\":[\"https:\\\/\\\/facebook.com\\\/hotmixpro.page\",\"https:\\\/\\\/youtube.com\\\/hotmixprolab\"]}]}<\/script>\n<!-- \/ Yoast SEO plugin. -->","yoast_head_json":{"title":"Attrezzature per cucine professionali per RSA e case di cura - HotmixPRO","robots":{"index":"index","follow":"follow","max-snippet":"max-snippet:-1","max-image-preview":"max-image-preview:large","max-video-preview":"max-video-preview:-1"},"canonical":"https:\/\/hotmixpro.com\/it\/attrezzature-per-cucine-professionali-per-rsa-e-case-di-cura\/","og_locale":"it_IT","og_type":"article","og_title":"Attrezzature per cucine professionali per RSA e case di cura - HotmixPRO","og_description":"Nel percorso terapeutico di un paziente, nella quotidianit\u00e0 di una lungodegenza o comunque all\u2019interno di un iter assistenziale a breve o lungo termine, la cura dell\u2019alimentazione acquista un valore estremamente importante, sia per il ruolo che ricopre all\u2019interno della giornata dell\u2019assistito, sia in senso strettamente nutrizionale. In questo caso specifico un discorso particolare va [&hellip;]","og_url":"https:\/\/hotmixpro.com\/it\/attrezzature-per-cucine-professionali-per-rsa-e-case-di-cura\/","og_site_name":"HotmixPRO","article_publisher":"https:\/\/facebook.com\/hotmixpro.page","article_modified_time":"2026-01-14T07:52:15+00:00","twitter_card":"summary_large_image","twitter_misc":{"Tempo di lettura stimato":"4 minuti"},"schema":{"@context":"https:\/\/schema.org","@graph":[{"@type":"WebPage","@id":"https:\/\/hotmixpro.com\/it\/attrezzature-per-cucine-professionali-per-rsa-e-case-di-cura\/","url":"https:\/\/hotmixpro.com\/it\/attrezzature-per-cucine-professionali-per-rsa-e-case-di-cura\/","name":"Attrezzature per cucine professionali per RSA e case di cura - HotmixPRO","isPartOf":{"@id":"https:\/\/hotmixpro.com\/it\/#website"},"primaryImageOfPage":{"@id":"https:\/\/hotmixpro.com\/it\/attrezzature-per-cucine-professionali-per-rsa-e-case-di-cura\/#primaryimage"},"image":{"@id":"https:\/\/hotmixpro.com\/it\/attrezzature-per-cucine-professionali-per-rsa-e-case-di-cura\/#primaryimage"},"thumbnailUrl":"https:\/\/hotmixpro.tempurl.host\/wp-content\/uploads\/2022\/09\/Attrezzature-e-Forniture-Horeca-per-cucine-case-di-riposo.png","datePublished":"2022-09-30T10:17:15+00:00","dateModified":"2026-01-14T07:52:15+00:00","breadcrumb":{"@id":"https:\/\/hotmixpro.com\/it\/attrezzature-per-cucine-professionali-per-rsa-e-case-di-cura\/#breadcrumb"},"inLanguage":"it-IT","potentialAction":[{"@type":"ReadAction","target":["https:\/\/hotmixpro.com\/it\/attrezzature-per-cucine-professionali-per-rsa-e-case-di-cura\/"]}]},{"@type":"ImageObject","inLanguage":"it-IT","@id":"https:\/\/hotmixpro.com\/it\/attrezzature-per-cucine-professionali-per-rsa-e-case-di-cura\/#primaryimage","url":"https:\/\/hotmixpro.tempurl.host\/wp-content\/uploads\/2022\/09\/Attrezzature-e-Forniture-Horeca-per-cucine-case-di-riposo.png","contentUrl":"https:\/\/hotmixpro.tempurl.host\/wp-content\/uploads\/2022\/09\/Attrezzature-e-Forniture-Horeca-per-cucine-case-di-riposo.png"},{"@type":"BreadcrumbList","@id":"https:\/\/hotmixpro.com\/it\/attrezzature-per-cucine-professionali-per-rsa-e-case-di-cura\/#breadcrumb","itemListElement":[{"@type":"ListItem","position":1,"name":"Home","item":"https:\/\/hotmixpro.com\/it\/home\/"},{"@type":"ListItem","position":2,"name":"Attrezzature per cucine professionali per RSA e case di cura"}]},{"@type":"WebSite","@id":"https:\/\/hotmixpro.com\/it\/#website","url":"https:\/\/hotmixpro.com\/it\/","name":"HotmixPRO","description":"the Chef&#039;s choice","publisher":{"@id":"https:\/\/hotmixpro.com\/it\/#organization"},"potentialAction":[{"@type":"SearchAction","target":{"@type":"EntryPoint","urlTemplate":"https:\/\/hotmixpro.com\/it\/?s={search_term_string}"},"query-input":{"@type":"PropertyValueSpecification","valueRequired":true,"valueName":"search_term_string"}}],"inLanguage":"it-IT"},{"@type":"Organization","@id":"https:\/\/hotmixpro.com\/it\/#organization","name":"HotmixPRO","url":"https:\/\/hotmixpro.com\/it\/","logo":{"@type":"ImageObject","inLanguage":"it-IT","@id":"https:\/\/hotmixpro.com\/it\/#\/schema\/logo\/image\/","url":"https:\/\/hotmixpro.com\/wp-content\/uploads\/2020\/03\/unnamed-2.jpg","contentUrl":"https:\/\/hotmixpro.com\/wp-content\/uploads\/2020\/03\/unnamed-2.jpg","width":314,"height":115,"caption":"HotmixPRO"},"image":{"@id":"https:\/\/hotmixpro.com\/it\/#\/schema\/logo\/image\/"},"sameAs":["https:\/\/facebook.com\/hotmixpro.page","https:\/\/youtube.com\/hotmixprolab"]}]}},"_links":{"self":[{"href":"https:\/\/hotmixpro.com\/it\/wp-json\/wp\/v2\/pages\/885573","targetHints":{"allow":["GET"]}}],"collection":[{"href":"https:\/\/hotmixpro.com\/it\/wp-json\/wp\/v2\/pages"}],"about":[{"href":"https:\/\/hotmixpro.com\/it\/wp-json\/wp\/v2\/types\/page"}],"author":[{"embeddable":true,"href":"https:\/\/hotmixpro.com\/it\/wp-json\/wp\/v2\/users\/5"}],"replies":[{"embeddable":true,"href":"https:\/\/hotmixpro.com\/it\/wp-json\/wp\/v2\/comments?post=885573"}],"version-history":[{"count":0,"href":"https:\/\/hotmixpro.com\/it\/wp-json\/wp\/v2\/pages\/885573\/revisions"}],"wp:attachment":[{"href":"https:\/\/hotmixpro.com\/it\/wp-json\/wp\/v2\/media?parent=885573"}],"curies":[{"name":"wp","href":"https:\/\/api.w.org\/{rel}","templated":true}]}}