{"id":884554,"date":"2022-09-22T17:44:08","date_gmt":"2022-09-22T15:44:08","guid":{"rendered":"https:\/\/hotmixpro.tempurl.host\/?page_id=884554"},"modified":"2022-10-26T16:09:05","modified_gmt":"2022-10-26T14:09:05","slug":"macchinari-e-attrezzature-da-cucina-professionale-per-laboratori-di-ricerca-e-sviluppo-per-lindustria-alimentare","status":"publish","type":"page","link":"https:\/\/hotmixpro.com\/it\/macchinari-e-attrezzature-da-cucina-professionale-per-laboratori-di-ricerca-e-sviluppo-per-lindustria-alimentare\/","title":{"rendered":"Macchinari e attrezzature professionali per laboratori di ricerca e sviluppo nell\u2019industria alimentare"},"content":{"rendered":"<div class=\"content-bootstrap-area\"><p><img decoding=\"async\" class=\"alignnone size-medium wp-image-858347\" src=\"https:\/\/hotmixpro.tempurl.host\/wp-content\/uploads\/2022\/09\/Ricerca-e-sviluppo-nellindustria-alimentare.jpg\" alt=\"laboratori di ricerca e sviluppo industria alimentare\n\" width=\"1000\" height=\"300\" \/><\/p>\n<p><em>Al giorno d\u2019oggi un laboratorio di ricerca e sviluppo nell\u2019industria alimentare, per mantenere un\u2019offerta di alto profilo non si limita pi\u00f9 alla mera sperimentazione e verifica di additivi e preparati ma testa ricette innovative, studia nuovi prodotti ed elabora sistemi di gestione dei processi alimentari.<\/em><\/p>\n<p style=\"font-size: 16px;\">Tutti questi settori di intervento richiedono un aggiornamento costante, non soltanto dal punto di vista teorico ma anche e soprattutto da quello tecnologico, per la necessit\u00e0 di individuare quali possano essere di volta in volta i macchinari e attrezzature professionali pi\u00f9 indicati per le procedure in esame.<\/p>\n<h3><strong> La cucina di test nei laboratori di ricerca e sviluppo<\/strong><\/h3>\n<p style=\"font-size: 16px;\">In una cucina di test, come quelle che ritroviamo per l\u2019appunto in un laboratorio ricerca e sviluppo dell\u2019industria alimentare, non \u00e8 raro trovarsi di fronte alla necessit\u00e0 di studiare e controllare interi processi produttivi, che partono dalla cottura degli alimenti, passano per il processo di abbattimento\/congelamento per giungere infine alla fase di confezionamento. Ognuno di questi passaggi richiede programmazione e replicabilit\u00e0.<\/p>\n<p style=\"font-size: 16px;\">A questo punto ci rendiamo conto di quanto macchinari e attrezzature professionali siano indispensabili per la corretta gestione di tutta la filiera produttiva; costanza nelle prestazioni, resistenza, versatilit\u00e0 e verifica dei consumi permettono di studiare con precisione il food cost, l\u2019impatto in termini di consumi e non ultimo il controllo del food loss. Quest\u2019ultimo risulta essere un tema sempre pi\u00f9 caro al consumatore finale per l\u2019impatto notevole che riveste in ambito di eco-sostenibilit\u00e0 ma riconduce anche ad una logica di risparmio ed ottimizzazione delle materie prime da parte dell\u2019industria alimentare.<\/p>\n<p style=\"font-size: 16px;\">Accanto a strumenti innovativi come stampanti 3D per alimenti, mixer sottovuoto e processatori di prodotti congelati ritroviamo comunque tutte le metodiche classiche, come cottura a vapore, a convezione, la macinazione, l\u2019abbattimento, il condizionamento e la cottura sous-vide, la disidratazione, l\u2019affumicazione e la fermentazione.<\/p>\n<p>&nbsp;<\/p>\n<h2 style=\"font-size: 20px; margin-top: -20px;\">Perch\u00e9 i macchinari e le attrezzature professionali Hotmixpro sono indispensabili nel laboratorio di ricerca e sviluppo di un\u2019industria alimentare?<\/h2>\n<p style=\"font-size: 16px;\">Innovazione tecnologica, analisi del mercato e studio di macchinari ed attrezzature professionali che dispongono di soluzioni uniche ed estremamente flessibili per tutte le necessit\u00e0 specifiche di un laboratorio di ricerca e sviluppo nell\u2019industria alimentare; questa \u00e8 la mission di Hotmixpro, che si impone come leader di mercato nel settore dei mixer termici grazie a innumerevoli caratteristiche:<\/p>\n<ul>\n<li style=\"font-size: 16px;\">robustezza<\/li>\n<li style=\"font-size: 16px;\">velocit\u00e0<\/li>\n<li style=\"font-size: 16px;\">programmazione<\/li>\n<li style=\"font-size: 16px;\">controllo grado per grado<\/li>\n<\/ul>\n<p style=\"font-size: 16px;\">La replicabilit\u00e0 delle operazioni non sar\u00e0 pi\u00f9 un problema e render\u00e0 l\u2019esecuzione del procedimento operatore indipendente.<\/p>\n<p style=\"font-size: 16px;\">La finezza in termini di granulometria sar\u00e0 garantita dall\u2019altissimo numero di giri al minuto delle lame e la precisione in termini di temperatura non \u00e8 pi\u00f9 un problema grazie alla possibilit\u00e0 di scegliere esattamente il grado di cottura preferito.<\/p>\n<p style=\"font-size: 16px;\">Solo grazie a tecnologie di questo livello un laboratorio di ricerca e sviluppo \u00e8 in grado di lavorare con metodo scientifico, creando ed esportando per i propri clienti ricette e procedure in grado di unire precisione e costanza a gusto ed artigianalit\u00e0.<\/p>\n<p>&nbsp;<\/p>\n<h3><strong>Alcuni clienti del settore<\/strong><\/h3>\n<p>&nbsp;<\/p>\n<p><a href=\"https:\/\/gelatoconsapevole.com\/\"><img decoding=\"async\" class=\"alignnone wp-image-857651\" src=\"https:\/\/hotmixpro.tempurl.host\/wp-content\/uploads\/2022\/09\/GC-logo.jpg\" alt=\"GC\" width=\"176\" height=\"176\" \/><\/a> <a href=\"http:\/\/www.klimedia.it\/\"><img decoding=\"async\" class=\"alignnone wp-image-857651\" src=\"https:\/\/hotmixpro.tempurl.host\/wp-content\/uploads\/2022\/09\/LOGO-klimedia.jpg\" alt=\"Klimedia\" width=\"153\" height=\"153\" \/><\/a><\/p>\n<p>&nbsp;<\/p>\n<h3><strong>I nostri premi e riconoscimenti<\/strong><\/h3>\n<p style=\"font-size: 16px;\">&#8220;<em>FSE Tomorrow Award<\/em>&#8220;, \u201c<em>Kenneth F. Hine Best of Show<\/em>\u201d &amp; <em>\u201cBest new product<\/em>\u201d at IHMRS, \u201cSmall Light Equipment Innovation Award\u201d at Gulfood, pi\u00f9 che uno traguardo sono per noi uno stimolo a proseguire sulla strada dell\u2019innovazione al servizio del professionista.<\/p>\n<p><img decoding=\"async\" class=\" wp-image-857651 alignnone\" src=\"https:\/\/hotmixpro.tempurl.host\/wp-content\/uploads\/2022\/06\/premi-hotmixpro.png\" alt=\"\" width=\"880\" height=\"132\" \/><\/p>\n<p>&nbsp;<\/p>\n<h2 style=\"font-size: 20px;\">Scopri tutta la gamma di robot da cucina multifunzione HotmixPRO<\/h2>\n<div class=\"su-row\">\n<div class=\"su-column su-column-size-1-3\">\n<div class=\"su-column-inner su-u-clearfix su-u-trim\"> [su_photo_panel shadow=&#8221;0px 4px 9px #cccccc&#8221; radius=&#8221;6&#8243; photo=&#8221;https:\/\/hotmixpro.tempurl.host\/wp-content\/uploads\/2022\/06\/Easy.jpg&#8221; url=&#8221;\/?p=11816&#8243;]<\/p>\n<h4>HotmixPRO Easy:<\/h4>\n<p>da 25\u00b0C a 130\u00b0C, struttura in acciaio verniciato, fino a 10&#8217;050 rpm. Perfetto per iniziare.<\/p>\n<p>&nbsp;<\/p>\n<p>[\/su_photo_panel] <\/p><\/div>\n<\/div>\n<div class=\"su-column su-column-size-1-3\">\n<div class=\"su-column-inner su-u-clearfix su-u-trim\"> [su_photo_panel shadow=&#8221;0px 4px 9px #cccccc&#8221; radius=&#8221;6&#8243; photo=&#8221;https:\/\/hotmixpro.tempurl.host\/wp-content\/uploads\/2022\/06\/Gastro.jpg&#8221; url=&#8221;\/?p=11819&#8243;]<\/p>\n<h4>HotmixPRO Gastro:<\/h4>\n<p>da 25\u00b0C a 190\u00b0C, struttura in acciaio inossidabile, fino a 12&#8217;500 rpm, memoria per le ricette e altro ancora!<\/p>\n<p>&nbsp;<\/p>\n<p>[\/su_photo_panel] <\/p><\/div>\n<\/div>\n<div class=\"su-column su-column-size-1-3\">\n<div class=\"su-column-inner su-u-clearfix su-u-trim\"> [su_photo_panel shadow=&#8221;0px 4px 9px #cccccc&#8221; radius=&#8221;6&#8243; photo=&#8221;https:\/\/hotmixpro.tempurl.host\/wp-content\/uploads\/2022\/06\/Gastro-X.jpg&#8221; url=&#8221;\/?p=11823&#8243;]<\/p>\n<h4>HotmixPRO Gastro X:<\/h4>\n<p>da 25\u00b0C a 190\u00b0C, fino a 16&#8217;000 rpm, fino a 12 ore di lavoro&#8230; potente e instancabile!<\/p>\n<p>&nbsp;<\/p>\n<p>[\/su_photo_panel] <\/p><\/div>\n<\/div><\/div>\n<div class=\"su-row\">\n<div class=\"su-column su-column-size-1-3\">\n<div class=\"su-column-inner su-u-clearfix su-u-trim\"> [su_photo_panel shadow=&#8221;0px 4px 9px #cccccc&#8221; radius=&#8221;6&#8243; photo=&#8221;https:\/\/hotmixpro.tempurl.host\/wp-content\/uploads\/2022\/06\/Twin.jpg&#8221; url=&#8221;\/?p=11831&#8243;]<\/p>\n<h4>HotmixPRO Twin:<\/h4>\n<p>da 25\u00b0C a 190\u00b0C, fino a 12&#8217;500 rpm, e due bicchieri indipendenti!<\/p>\n<p>&nbsp;<\/p>\n<p>[\/su_photo_panel] <\/p><\/div>\n<\/div>\n<div class=\"su-column su-column-size-1-3\">\n<div class=\"su-column-inner su-u-clearfix su-u-trim\"> [su_photo_panel shadow=&#8221;0px 4px 9px #cccccc&#8221; radius=&#8221;6&#8243; photo=&#8221;https:\/\/hotmixpro.tempurl.host\/wp-content\/uploads\/2022\/06\/Gastro-XL.jpg&#8221; url=&#8221;\/?p=11827&#8243;]<\/p>\n<h4>HotmixPRO Gastro XL:<\/h4>\n<p>da 25\u00b0C a 190\u00b0C, fino a 16&#8217;000 rpm, fino a 12 ore di lavoro&#8230; e tre litri di capacit\u00e0!<\/p>\n<p>&nbsp;<\/p>\n<p>[\/su_photo_panel] <\/p><\/div>\n<\/div>\n<div class=\"su-column su-column-size-1-3\">\n<div class=\"su-column-inner su-u-clearfix su-u-trim\"> [su_photo_panel shadow=&#8221;0px 4px 9px #cccccc&#8221; radius=&#8221;6&#8243; photo=&#8221;https:\/\/hotmixpro.tempurl.host\/wp-content\/uploads\/2022\/06\/5Star.jpg&#8221; url=&#8221;\/?p=11834&#8243;]<\/p>\n<h4>HotmixPRO 5 STARS:<\/h4>\n<p>da 25\u00b0C a 190\u00b0C, struttura in acciaio inossidabile e fino a 5 litri di capacit\u00e0: ideale per chi serve molte persone!<\/p>\n<p>&nbsp;<\/p>\n<p>[\/su_photo_panel] <\/p><\/div>\n<\/div><\/div>\n<div class=\"su-row\">\n<div class=\"su-column su-column-size-1-3\">\n<div class=\"su-column-inner su-u-clearfix su-u-trim\"> [su_photo_panel shadow=&#8221;0px 4px 9px #cccccc&#8221; radius=&#8221;6&#8243; photo=&#8221;https:\/\/hotmixpro.tempurl.host\/wp-content\/uploads\/2022\/06\/Breeze.jpg&#8221; url=&#8221;\/?p=11837&#8243;]<\/p>\n<h4>HotmixPRO Breeze:<\/h4>\n<p>da -24\u00b0C fino a temperatura ambiente, \u00e8 il primo mixer termico professionale specializzato nel raffreddamento!<\/p>\n<p>&nbsp;<\/p>\n<p>[\/su_photo_panel] <\/p><\/div>\n<\/div>\n<div class=\"su-column su-column-size-1-3\">\n<div class=\"su-column-inner su-u-clearfix su-u-trim\"> [su_photo_panel shadow=&#8221;0px 4px 9px #cccccc&#8221; radius=&#8221;6&#8243; photo=&#8221;https:\/\/hotmixpro.tempurl.host\/wp-content\/uploads\/2022\/06\/Combi.jpg&#8221; url=&#8221;\/?p=14236&#8243;]<\/p>\n<h4>HotmixPRO Combi:<\/h4>\n<p>a sinistra, tutte le funzioni di un Gastro; dall&#8217;altra parte, quelle di un Breeze \u2013 massima versatilit\u00e0!<\/p>\n<p>&nbsp;<\/p>\n<p>[\/su_photo_panel] <\/p><\/div>\n<\/div>\n<div class=\"su-column su-column-size-1-3\">\n<div class=\"su-column-inner su-u-clearfix su-u-trim\"> [su_photo_panel shadow=&#8221;0px 4px 9px #cccccc&#8221; radius=&#8221;6&#8243; photo=&#8221;https:\/\/hotmixpro.tempurl.host\/wp-content\/uploads\/2022\/06\/Creative.jpg&#8221; url=&#8221;\/?p=14227&#8243;]<\/p>\n<h4>HotmixPRO Creative:<\/h4>\n<p>da -24\u00b0C a +190\u00b0C, \u00e8 il prima macchina del suo genere capace sia di cucinare che di raffreddare nello stesso bicchiere!<\/p>\n<p>&nbsp;<\/p>\n<p>[\/su_photo_panel] <\/p><\/div>\n<\/div><\/div>\n<div class=\"su-row\">\n<div class=\"su-column su-column-size-1-3\">\n<div class=\"su-column-inner su-u-clearfix su-u-trim\"> [su_photo_panel shadow=&#8221;0px 4px 9px #cccccc&#8221; radius=&#8221;6&#8243; photo=&#8221;https:\/\/hotmixpro.tempurl.host\/wp-content\/uploads\/2022\/06\/Master.jpg&#8221; url=&#8221;\/?p=11845&#8243;]<\/p>\n<h4>HotmixPRO Master<\/h4>\n<p>da 24\u00b0C a 190\u00b0C, 16&#8217;000 rpm, 12 ore di lavoro no-stop&#8230; e l&#8217;incredibile abilit\u00e0 di <strong>creare vuoto nel bicchiere<\/strong> mentre lavora!<\/p>\n<p>&nbsp;<\/p>\n<p>[\/su_photo_panel] <\/p><\/div>\n<\/div>\n<div class=\"su-column su-column-size-1-3\">\n<div class=\"su-column-inner su-u-clearfix su-u-trim\"> [su_photo_panel shadow=&#8221;0px 4px 9px #cccccc&#8221; radius=&#8221;6&#8243; photo=&#8221;https:\/\/hotmixpro.tempurl.host\/wp-content\/uploads\/2022\/06\/Smoke.jpg&#8221; url=&#8221;\/?p=60812&#8243;]<\/p>\n<h4>HotmixPRO Smoke<\/h4>\n<p>Un affumicatore professionale, <strong>in grado di filtrare il fumo attraverso un liquido<\/strong>, e compatibile con ogni altra unit\u00e0 HotmixPRO.<\/p>\n<p>[\/su_photo_panel] <\/p><\/div>\n<\/div>\n<div class=\"su-column su-column-size-1-3\">\n<div class=\"su-column-inner su-u-clearfix su-u-trim\"> [su_photo_panel shadow=&#8221;0px 4px 9px #cccccc&#8221; radius=&#8221;6&#8243; photo=&#8221;https:\/\/hotmixpro.tempurl.host\/wp-content\/uploads\/2022\/06\/Dry.jpg&#8221; url=&#8221;\/?p=60807&#8243;]<\/p>\n<h4>HotmixPRO Dry<\/h4>\n<p>Interamente in acciaio inox, con due aree separate, memoria, disponibile in diverse misure. Adatto per essicazione e conservazione.<\/p>\n<p>[\/su_photo_panel] <\/p><\/div>\n<\/div><\/div>\n<\/p>\n<div class=\"su-row\">\n<div class=\"su-column su-column-size-1-3\">\n<div class=\"su-column-inner su-u-clearfix su-u-trim\">[su_photo_panel shadow=&#8221;0px 4px 9px #cccccc&#8221; radius=&#8221;6&#8243; photo=&#8221;https:\/\/hotmixpro.tempurl.host\/wp-content\/uploads\/2022\/06\/Master-Breeze.jpg&#8221; url=&#8221;https:\/\/hotmixpro.tempurl.host\/it\/hmpro-model\/hotmixpro-master-breeze\/&#8221;]<\/p>\n<h4>HotmixPRO Master Breeze:<\/h4>\n<p>raffredda rapidamente le tue preparazioni fino a -24\u00b0C, creando il vuoto nel bicchiere<\/p>\n<p>[\/su_photo_panel] <\/p><\/div>\n<\/div>\n<div class=\"su-column su-column-size-1-3\">\n<div class=\"su-column-inner su-u-clearfix su-u-trim\"> <\/div>\n<\/div>\n<div class=\"su-column su-column-size-1-3\">\n<div class=\"su-column-inner su-u-clearfix su-u-trim\">[su_photo_panel shadow=&#8221;0px 4px 9px #cccccc&#8221; radius=&#8221;6&#8243; photo=&#8221;https:\/\/hotmixpro.tempurl.host\/wp-content\/uploads\/2022\/06\/Easy-Giaz.jpg&#8221; url=&#8221;https:\/\/hotmixpro.tempurl.host\/it\/hmpro-model\/hotmixpro-giaz-easy-giaz\/&#8221;]<\/p>\n<h4>HotmixPRO Giaz:<\/h4>\n<p>prepara fino a 10 porzioni di gelato istantaneo in 60 secondi, con controllo completo su ogni paramentro!<\/p>\n<p>[\/su_photo_panel] <\/p><\/div>\n<\/div>\n<\/div>\n\n<\/div>","protected":false},"excerpt":{"rendered":"<p>Al giorno d\u2019oggi un laboratorio di ricerca e sviluppo nell\u2019industria alimentare, per mantenere un\u2019offerta di alto profilo non si limita pi\u00f9 alla mera sperimentazione e verifica di additivi e preparati ma testa ricette innovative, studia nuovi prodotti ed elabora sistemi di gestione dei processi alimentari. Tutti questi settori di intervento richiedono un aggiornamento costante, non [&hellip;]<\/p>\n","protected":false},"author":5,"featured_media":0,"parent":0,"menu_order":0,"comment_status":"closed","ping_status":"closed","template":"","meta":{"_et_pb_use_builder":"","_et_pb_old_content":"","_et_gb_content_width":"","footnotes":""},"class_list":["post-884554","page","type-page","status-publish","hentry"],"yoast_head":"<!-- This site is optimized with the Yoast SEO plugin v27.4 - https:\/\/yoast.com\/product\/yoast-seo-wordpress\/ -->\n<title>Macchinari e attrezzature professionali per laboratori di ricerca e sviluppo nell\u2019industria alimentare - HotmixPRO<\/title>\n<meta name=\"robots\" content=\"index, follow, max-snippet:-1, max-image-preview:large, max-video-preview:-1\" \/>\n<link rel=\"canonical\" href=\"https:\/\/hotmixpro.com\/it\/macchinari-e-attrezzature-da-cucina-professionale-per-laboratori-di-ricerca-e-sviluppo-per-lindustria-alimentare\/\" \/>\n<meta property=\"og:locale\" content=\"it_IT\" \/>\n<meta property=\"og:type\" content=\"article\" \/>\n<meta property=\"og:title\" content=\"Macchinari e attrezzature professionali per laboratori di ricerca e sviluppo nell\u2019industria alimentare - HotmixPRO\" \/>\n<meta property=\"og:description\" content=\"Al giorno d\u2019oggi un laboratorio di ricerca e sviluppo nell\u2019industria alimentare, per mantenere un\u2019offerta di alto profilo non si limita pi\u00f9 alla mera sperimentazione e verifica di additivi e preparati ma testa ricette innovative, studia nuovi prodotti ed elabora sistemi di gestione dei processi alimentari. Tutti questi settori di intervento richiedono un aggiornamento costante, non [&hellip;]\" \/>\n<meta property=\"og:url\" content=\"https:\/\/hotmixpro.com\/it\/macchinari-e-attrezzature-da-cucina-professionale-per-laboratori-di-ricerca-e-sviluppo-per-lindustria-alimentare\/\" \/>\n<meta property=\"og:site_name\" content=\"HotmixPRO\" \/>\n<meta property=\"article:publisher\" content=\"https:\/\/facebook.com\/hotmixpro.page\" \/>\n<meta property=\"article:modified_time\" content=\"2022-10-26T14:09:05+00:00\" \/>\n<meta property=\"og:image\" content=\"https:\/\/hotmixpro.tempurl.host\/wp-content\/uploads\/2022\/09\/Ricerca-e-sviluppo-nellindustria-alimentare.jpg\" \/>\n<meta name=\"twitter:card\" content=\"summary_large_image\" \/>\n<meta name=\"twitter:label1\" content=\"Tempo di lettura stimato\" \/>\n\t<meta name=\"twitter:data1\" content=\"3 minuti\" \/>\n<script type=\"application\/ld+json\" class=\"yoast-schema-graph\">{\"@context\":\"https:\\\/\\\/schema.org\",\"@graph\":[{\"@type\":\"WebPage\",\"@id\":\"https:\\\/\\\/hotmixpro.com\\\/it\\\/macchinari-e-attrezzature-da-cucina-professionale-per-laboratori-di-ricerca-e-sviluppo-per-lindustria-alimentare\\\/\",\"url\":\"https:\\\/\\\/hotmixpro.com\\\/it\\\/macchinari-e-attrezzature-da-cucina-professionale-per-laboratori-di-ricerca-e-sviluppo-per-lindustria-alimentare\\\/\",\"name\":\"Macchinari e attrezzature professionali per laboratori di ricerca e sviluppo nell\u2019industria alimentare - HotmixPRO\",\"isPartOf\":{\"@id\":\"https:\\\/\\\/hotmixpro.com\\\/it\\\/#website\"},\"primaryImageOfPage\":{\"@id\":\"https:\\\/\\\/hotmixpro.com\\\/it\\\/macchinari-e-attrezzature-da-cucina-professionale-per-laboratori-di-ricerca-e-sviluppo-per-lindustria-alimentare\\\/#primaryimage\"},\"image\":{\"@id\":\"https:\\\/\\\/hotmixpro.com\\\/it\\\/macchinari-e-attrezzature-da-cucina-professionale-per-laboratori-di-ricerca-e-sviluppo-per-lindustria-alimentare\\\/#primaryimage\"},\"thumbnailUrl\":\"https:\\\/\\\/hotmixpro.tempurl.host\\\/wp-content\\\/uploads\\\/2022\\\/09\\\/Ricerca-e-sviluppo-nellindustria-alimentare.jpg\",\"datePublished\":\"2022-09-22T15:44:08+00:00\",\"dateModified\":\"2022-10-26T14:09:05+00:00\",\"breadcrumb\":{\"@id\":\"https:\\\/\\\/hotmixpro.com\\\/it\\\/macchinari-e-attrezzature-da-cucina-professionale-per-laboratori-di-ricerca-e-sviluppo-per-lindustria-alimentare\\\/#breadcrumb\"},\"inLanguage\":\"it-IT\",\"potentialAction\":[{\"@type\":\"ReadAction\",\"target\":[\"https:\\\/\\\/hotmixpro.com\\\/it\\\/macchinari-e-attrezzature-da-cucina-professionale-per-laboratori-di-ricerca-e-sviluppo-per-lindustria-alimentare\\\/\"]}]},{\"@type\":\"ImageObject\",\"inLanguage\":\"it-IT\",\"@id\":\"https:\\\/\\\/hotmixpro.com\\\/it\\\/macchinari-e-attrezzature-da-cucina-professionale-per-laboratori-di-ricerca-e-sviluppo-per-lindustria-alimentare\\\/#primaryimage\",\"url\":\"https:\\\/\\\/hotmixpro.tempurl.host\\\/wp-content\\\/uploads\\\/2022\\\/09\\\/Ricerca-e-sviluppo-nellindustria-alimentare.jpg\",\"contentUrl\":\"https:\\\/\\\/hotmixpro.tempurl.host\\\/wp-content\\\/uploads\\\/2022\\\/09\\\/Ricerca-e-sviluppo-nellindustria-alimentare.jpg\"},{\"@type\":\"BreadcrumbList\",\"@id\":\"https:\\\/\\\/hotmixpro.com\\\/it\\\/macchinari-e-attrezzature-da-cucina-professionale-per-laboratori-di-ricerca-e-sviluppo-per-lindustria-alimentare\\\/#breadcrumb\",\"itemListElement\":[{\"@type\":\"ListItem\",\"position\":1,\"name\":\"Home\",\"item\":\"https:\\\/\\\/hotmixpro.com\\\/it\\\/home\\\/\"},{\"@type\":\"ListItem\",\"position\":2,\"name\":\"Macchinari e attrezzature professionali per laboratori di ricerca e sviluppo nell\u2019industria alimentare\"}]},{\"@type\":\"WebSite\",\"@id\":\"https:\\\/\\\/hotmixpro.com\\\/it\\\/#website\",\"url\":\"https:\\\/\\\/hotmixpro.com\\\/it\\\/\",\"name\":\"HotmixPRO\",\"description\":\"the Chef&#039;s choice\",\"publisher\":{\"@id\":\"https:\\\/\\\/hotmixpro.com\\\/it\\\/#organization\"},\"potentialAction\":[{\"@type\":\"SearchAction\",\"target\":{\"@type\":\"EntryPoint\",\"urlTemplate\":\"https:\\\/\\\/hotmixpro.com\\\/it\\\/?s={search_term_string}\"},\"query-input\":{\"@type\":\"PropertyValueSpecification\",\"valueRequired\":true,\"valueName\":\"search_term_string\"}}],\"inLanguage\":\"it-IT\"},{\"@type\":\"Organization\",\"@id\":\"https:\\\/\\\/hotmixpro.com\\\/it\\\/#organization\",\"name\":\"HotmixPRO\",\"url\":\"https:\\\/\\\/hotmixpro.com\\\/it\\\/\",\"logo\":{\"@type\":\"ImageObject\",\"inLanguage\":\"it-IT\",\"@id\":\"https:\\\/\\\/hotmixpro.com\\\/it\\\/#\\\/schema\\\/logo\\\/image\\\/\",\"url\":\"https:\\\/\\\/hotmixpro.com\\\/wp-content\\\/uploads\\\/2020\\\/03\\\/unnamed-2.jpg\",\"contentUrl\":\"https:\\\/\\\/hotmixpro.com\\\/wp-content\\\/uploads\\\/2020\\\/03\\\/unnamed-2.jpg\",\"width\":314,\"height\":115,\"caption\":\"HotmixPRO\"},\"image\":{\"@id\":\"https:\\\/\\\/hotmixpro.com\\\/it\\\/#\\\/schema\\\/logo\\\/image\\\/\"},\"sameAs\":[\"https:\\\/\\\/facebook.com\\\/hotmixpro.page\",\"https:\\\/\\\/youtube.com\\\/hotmixprolab\"]}]}<\/script>\n<!-- \/ Yoast SEO plugin. -->","yoast_head_json":{"title":"Macchinari e attrezzature professionali per laboratori di ricerca e sviluppo nell\u2019industria alimentare - HotmixPRO","robots":{"index":"index","follow":"follow","max-snippet":"max-snippet:-1","max-image-preview":"max-image-preview:large","max-video-preview":"max-video-preview:-1"},"canonical":"https:\/\/hotmixpro.com\/it\/macchinari-e-attrezzature-da-cucina-professionale-per-laboratori-di-ricerca-e-sviluppo-per-lindustria-alimentare\/","og_locale":"it_IT","og_type":"article","og_title":"Macchinari e attrezzature professionali per laboratori di ricerca e sviluppo nell\u2019industria alimentare - HotmixPRO","og_description":"Al giorno d\u2019oggi un laboratorio di ricerca e sviluppo nell\u2019industria alimentare, per mantenere un\u2019offerta di alto profilo non si limita pi\u00f9 alla mera sperimentazione e verifica di additivi e preparati ma testa ricette innovative, studia nuovi prodotti ed elabora sistemi di gestione dei processi alimentari. Tutti questi settori di intervento richiedono un aggiornamento costante, non [&hellip;]","og_url":"https:\/\/hotmixpro.com\/it\/macchinari-e-attrezzature-da-cucina-professionale-per-laboratori-di-ricerca-e-sviluppo-per-lindustria-alimentare\/","og_site_name":"HotmixPRO","article_publisher":"https:\/\/facebook.com\/hotmixpro.page","article_modified_time":"2022-10-26T14:09:05+00:00","og_image":[{"url":"https:\/\/hotmixpro.tempurl.host\/wp-content\/uploads\/2022\/09\/Ricerca-e-sviluppo-nellindustria-alimentare.jpg","type":"","width":"","height":""}],"twitter_card":"summary_large_image","twitter_misc":{"Tempo di lettura stimato":"3 minuti"},"schema":{"@context":"https:\/\/schema.org","@graph":[{"@type":"WebPage","@id":"https:\/\/hotmixpro.com\/it\/macchinari-e-attrezzature-da-cucina-professionale-per-laboratori-di-ricerca-e-sviluppo-per-lindustria-alimentare\/","url":"https:\/\/hotmixpro.com\/it\/macchinari-e-attrezzature-da-cucina-professionale-per-laboratori-di-ricerca-e-sviluppo-per-lindustria-alimentare\/","name":"Macchinari e attrezzature professionali per laboratori di ricerca e sviluppo nell\u2019industria alimentare - HotmixPRO","isPartOf":{"@id":"https:\/\/hotmixpro.com\/it\/#website"},"primaryImageOfPage":{"@id":"https:\/\/hotmixpro.com\/it\/macchinari-e-attrezzature-da-cucina-professionale-per-laboratori-di-ricerca-e-sviluppo-per-lindustria-alimentare\/#primaryimage"},"image":{"@id":"https:\/\/hotmixpro.com\/it\/macchinari-e-attrezzature-da-cucina-professionale-per-laboratori-di-ricerca-e-sviluppo-per-lindustria-alimentare\/#primaryimage"},"thumbnailUrl":"https:\/\/hotmixpro.tempurl.host\/wp-content\/uploads\/2022\/09\/Ricerca-e-sviluppo-nellindustria-alimentare.jpg","datePublished":"2022-09-22T15:44:08+00:00","dateModified":"2022-10-26T14:09:05+00:00","breadcrumb":{"@id":"https:\/\/hotmixpro.com\/it\/macchinari-e-attrezzature-da-cucina-professionale-per-laboratori-di-ricerca-e-sviluppo-per-lindustria-alimentare\/#breadcrumb"},"inLanguage":"it-IT","potentialAction":[{"@type":"ReadAction","target":["https:\/\/hotmixpro.com\/it\/macchinari-e-attrezzature-da-cucina-professionale-per-laboratori-di-ricerca-e-sviluppo-per-lindustria-alimentare\/"]}]},{"@type":"ImageObject","inLanguage":"it-IT","@id":"https:\/\/hotmixpro.com\/it\/macchinari-e-attrezzature-da-cucina-professionale-per-laboratori-di-ricerca-e-sviluppo-per-lindustria-alimentare\/#primaryimage","url":"https:\/\/hotmixpro.tempurl.host\/wp-content\/uploads\/2022\/09\/Ricerca-e-sviluppo-nellindustria-alimentare.jpg","contentUrl":"https:\/\/hotmixpro.tempurl.host\/wp-content\/uploads\/2022\/09\/Ricerca-e-sviluppo-nellindustria-alimentare.jpg"},{"@type":"BreadcrumbList","@id":"https:\/\/hotmixpro.com\/it\/macchinari-e-attrezzature-da-cucina-professionale-per-laboratori-di-ricerca-e-sviluppo-per-lindustria-alimentare\/#breadcrumb","itemListElement":[{"@type":"ListItem","position":1,"name":"Home","item":"https:\/\/hotmixpro.com\/it\/home\/"},{"@type":"ListItem","position":2,"name":"Macchinari e attrezzature professionali per laboratori di ricerca e sviluppo nell\u2019industria alimentare"}]},{"@type":"WebSite","@id":"https:\/\/hotmixpro.com\/it\/#website","url":"https:\/\/hotmixpro.com\/it\/","name":"HotmixPRO","description":"the Chef&#039;s choice","publisher":{"@id":"https:\/\/hotmixpro.com\/it\/#organization"},"potentialAction":[{"@type":"SearchAction","target":{"@type":"EntryPoint","urlTemplate":"https:\/\/hotmixpro.com\/it\/?s={search_term_string}"},"query-input":{"@type":"PropertyValueSpecification","valueRequired":true,"valueName":"search_term_string"}}],"inLanguage":"it-IT"},{"@type":"Organization","@id":"https:\/\/hotmixpro.com\/it\/#organization","name":"HotmixPRO","url":"https:\/\/hotmixpro.com\/it\/","logo":{"@type":"ImageObject","inLanguage":"it-IT","@id":"https:\/\/hotmixpro.com\/it\/#\/schema\/logo\/image\/","url":"https:\/\/hotmixpro.com\/wp-content\/uploads\/2020\/03\/unnamed-2.jpg","contentUrl":"https:\/\/hotmixpro.com\/wp-content\/uploads\/2020\/03\/unnamed-2.jpg","width":314,"height":115,"caption":"HotmixPRO"},"image":{"@id":"https:\/\/hotmixpro.com\/it\/#\/schema\/logo\/image\/"},"sameAs":["https:\/\/facebook.com\/hotmixpro.page","https:\/\/youtube.com\/hotmixprolab"]}]}},"_links":{"self":[{"href":"https:\/\/hotmixpro.com\/it\/wp-json\/wp\/v2\/pages\/884554","targetHints":{"allow":["GET"]}}],"collection":[{"href":"https:\/\/hotmixpro.com\/it\/wp-json\/wp\/v2\/pages"}],"about":[{"href":"https:\/\/hotmixpro.com\/it\/wp-json\/wp\/v2\/types\/page"}],"author":[{"embeddable":true,"href":"https:\/\/hotmixpro.com\/it\/wp-json\/wp\/v2\/users\/5"}],"replies":[{"embeddable":true,"href":"https:\/\/hotmixpro.com\/it\/wp-json\/wp\/v2\/comments?post=884554"}],"version-history":[{"count":0,"href":"https:\/\/hotmixpro.com\/it\/wp-json\/wp\/v2\/pages\/884554\/revisions"}],"wp:attachment":[{"href":"https:\/\/hotmixpro.com\/it\/wp-json\/wp\/v2\/media?parent=884554"}],"curies":[{"name":"wp","href":"https:\/\/api.w.org\/{rel}","templated":true}]}}