{"id":856412,"date":"2022-06-06T15:21:58","date_gmt":"2022-06-06T13:21:58","guid":{"rendered":"https:\/\/hotmixpro.tempurl.host\/?page_id=856412"},"modified":"2022-08-25T14:44:51","modified_gmt":"2022-08-25T12:44:51","slug":"chi-siamo","status":"publish","type":"page","link":"https:\/\/hotmixpro.com\/it\/chi-siamo\/","title":{"rendered":"Chi siamo"},"content":{"rendered":"<div class=\"content-bootstrap-area\"><p><img decoding=\"async\" class=\"alignnone size-medium wp-image-858347\" src=\"https:\/\/hotmixpro.tempurl.host\/wp-content\/uploads\/2022\/06\/Modena-hotmixpro.png\" alt=\"\" width=\"1000\" height=\"300\" \/><\/p>\n<p style=\"font-size: 16px;\"><em>Modena \u00e8 la provincia italiana pi\u00f9 ricca di prodotti DOP e IGP. Il cuore della food valley italiana \u00e8 qui, in questo territorio di grande tradizione culinaria. Aziende di altissimo profilo, come Ferrari e Maserati, solo per citare le pi\u00f9 note, ci hanno resi uno dei poli tecnologici pi\u00f9 rilevanti a livello nazionale ed internazionale.<\/em><\/p>\n<p style=\"font-size: 16px;\">Questo \u00e8 il background nel quale la nostra azienda \u00e8 nata e dove continuiamo a svilupparci, unendo la passione per il buon cibo con lo sviluppo delle pi\u00f9 moderne tecnologie, in un\u2019ottica tutta italiana di progettazione e produzione.<\/p>\n<p style=\"font-size: 16px;\">Nell\u2019arco di pochi anni dalla nostra fondazione <strong>il mercato nazionale e internazionale ha riconosciuto HotmixPRO\u00ae come leader di settore<\/strong>, tanto per le idee quanto per le soluzioni tecnologicamente avanzate proposte.<\/p>\n<h3><strong>I nostri premi e riconoscimenti<\/strong><\/h3>\n<p style=\"font-size: 16px;\">&#8220;<em>FSE Tomorrow Award<\/em>&#8220;, \u201c<em>Kenneth F. Hine Best of Show<\/em>\u201d &amp; <em>\u201cBest new product<\/em>\u201d at IHMRS, \u201cSmall Light Equipment Innovation Award\u201d at Gulfood, pi\u00f9 che uno traguardo sono per noi uno stimolo a proseguire sulla strada dell\u2019innovazione al servizio del professionista.<\/p>\n<p><img decoding=\"async\" class=\" wp-image-857651 alignnone\" src=\"https:\/\/hotmixpro.tempurl.host\/wp-content\/uploads\/2022\/06\/premi-hotmixpro.png\" alt=\"\" width=\"880\" height=\"132\" \/><\/p>\n<p><\/br><\/p>\n<h4>Scopri tutta la gamma dei nostri <a href=\"https:\/\/hotmixpro.tempurl.host\/it\/\" title=\"robot da cucina professionali per la ristorazione\">robot da cucina professionali per la ristorazione<\/a>.<\/h4>\n<\/div>","protected":false},"excerpt":{"rendered":"<p>Modena \u00e8 la provincia italiana pi\u00f9 ricca di prodotti DOP e IGP. Il cuore della food valley italiana \u00e8 qui, in questo territorio di grande tradizione culinaria. Aziende di altissimo profilo, come Ferrari e Maserati, solo per citare le pi\u00f9 note, ci hanno resi uno dei poli tecnologici pi\u00f9 rilevanti a livello nazionale ed internazionale. [&hellip;]<\/p>\n","protected":false},"author":5,"featured_media":0,"parent":0,"menu_order":0,"comment_status":"closed","ping_status":"closed","template":"","meta":{"_et_pb_use_builder":"","_et_pb_old_content":"","_et_gb_content_width":"","footnotes":""},"class_list":["post-856412","page","type-page","status-publish","hentry"],"yoast_head":"<!-- This site is optimized with the Yoast SEO plugin v27.5 - https:\/\/yoast.com\/product\/yoast-seo-wordpress\/ -->\n<title>Chi siamo - HotmixPRO<\/title>\n<meta name=\"robots\" content=\"index, follow, max-snippet:-1, max-image-preview:large, max-video-preview:-1\" \/>\n<link rel=\"canonical\" href=\"https:\/\/hotmixpro.com\/it\/chi-siamo\/\" \/>\n<meta property=\"og:locale\" content=\"it_IT\" \/>\n<meta property=\"og:type\" content=\"article\" \/>\n<meta property=\"og:title\" content=\"Chi siamo - HotmixPRO\" \/>\n<meta property=\"og:description\" content=\"Modena \u00e8 la provincia italiana pi\u00f9 ricca di prodotti DOP e IGP. Il cuore della food valley italiana \u00e8 qui, in questo territorio di grande tradizione culinaria. Aziende di altissimo profilo, come Ferrari e Maserati, solo per citare le pi\u00f9 note, ci hanno resi uno dei poli tecnologici pi\u00f9 rilevanti a livello nazionale ed internazionale. [&hellip;]\" \/>\n<meta property=\"og:url\" content=\"https:\/\/hotmixpro.com\/it\/chi-siamo\/\" \/>\n<meta property=\"og:site_name\" content=\"HotmixPRO\" \/>\n<meta property=\"article:publisher\" content=\"https:\/\/facebook.com\/hotmixpro.page\" \/>\n<meta property=\"article:modified_time\" content=\"2022-08-25T12:44:51+00:00\" \/>\n<meta property=\"og:image\" content=\"https:\/\/hotmixpro.tempurl.host\/wp-content\/uploads\/2022\/06\/Modena-hotmixpro.png\" \/>\n<meta name=\"twitter:card\" content=\"summary_large_image\" \/>\n<meta name=\"twitter:label1\" content=\"Tempo di lettura stimato\" \/>\n\t<meta name=\"twitter:data1\" content=\"1 minuto\" \/>\n<script type=\"application\/ld+json\" class=\"yoast-schema-graph\">{\"@context\":\"https:\\\/\\\/schema.org\",\"@graph\":[{\"@type\":\"WebPage\",\"@id\":\"https:\\\/\\\/hotmixpro.com\\\/it\\\/chi-siamo\\\/\",\"url\":\"https:\\\/\\\/hotmixpro.com\\\/it\\\/chi-siamo\\\/\",\"name\":\"Chi siamo - HotmixPRO\",\"isPartOf\":{\"@id\":\"https:\\\/\\\/hotmixpro.com\\\/it\\\/#website\"},\"primaryImageOfPage\":{\"@id\":\"https:\\\/\\\/hotmixpro.com\\\/it\\\/chi-siamo\\\/#primaryimage\"},\"image\":{\"@id\":\"https:\\\/\\\/hotmixpro.com\\\/it\\\/chi-siamo\\\/#primaryimage\"},\"thumbnailUrl\":\"https:\\\/\\\/hotmixpro.tempurl.host\\\/wp-content\\\/uploads\\\/2022\\\/06\\\/Modena-hotmixpro.png\",\"datePublished\":\"2022-06-06T13:21:58+00:00\",\"dateModified\":\"2022-08-25T12:44:51+00:00\",\"breadcrumb\":{\"@id\":\"https:\\\/\\\/hotmixpro.com\\\/it\\\/chi-siamo\\\/#breadcrumb\"},\"inLanguage\":\"it-IT\",\"potentialAction\":[{\"@type\":\"ReadAction\",\"target\":[\"https:\\\/\\\/hotmixpro.com\\\/it\\\/chi-siamo\\\/\"]}]},{\"@type\":\"ImageObject\",\"inLanguage\":\"it-IT\",\"@id\":\"https:\\\/\\\/hotmixpro.com\\\/it\\\/chi-siamo\\\/#primaryimage\",\"url\":\"https:\\\/\\\/hotmixpro.tempurl.host\\\/wp-content\\\/uploads\\\/2022\\\/06\\\/Modena-hotmixpro.png\",\"contentUrl\":\"https:\\\/\\\/hotmixpro.tempurl.host\\\/wp-content\\\/uploads\\\/2022\\\/06\\\/Modena-hotmixpro.png\"},{\"@type\":\"BreadcrumbList\",\"@id\":\"https:\\\/\\\/hotmixpro.com\\\/it\\\/chi-siamo\\\/#breadcrumb\",\"itemListElement\":[{\"@type\":\"ListItem\",\"position\":1,\"name\":\"Home\",\"item\":\"https:\\\/\\\/hotmixpro.com\\\/it\\\/home\\\/\"},{\"@type\":\"ListItem\",\"position\":2,\"name\":\"Chi siamo\"}]},{\"@type\":\"WebSite\",\"@id\":\"https:\\\/\\\/hotmixpro.com\\\/it\\\/#website\",\"url\":\"https:\\\/\\\/hotmixpro.com\\\/it\\\/\",\"name\":\"HotmixPRO\",\"description\":\"the Chef&#039;s choice\",\"publisher\":{\"@id\":\"https:\\\/\\\/hotmixpro.com\\\/it\\\/#organization\"},\"potentialAction\":[{\"@type\":\"SearchAction\",\"target\":{\"@type\":\"EntryPoint\",\"urlTemplate\":\"https:\\\/\\\/hotmixpro.com\\\/it\\\/?s={search_term_string}\"},\"query-input\":{\"@type\":\"PropertyValueSpecification\",\"valueRequired\":true,\"valueName\":\"search_term_string\"}}],\"inLanguage\":\"it-IT\"},{\"@type\":\"Organization\",\"@id\":\"https:\\\/\\\/hotmixpro.com\\\/it\\\/#organization\",\"name\":\"HotmixPRO\",\"url\":\"https:\\\/\\\/hotmixpro.com\\\/it\\\/\",\"logo\":{\"@type\":\"ImageObject\",\"inLanguage\":\"it-IT\",\"@id\":\"https:\\\/\\\/hotmixpro.com\\\/it\\\/#\\\/schema\\\/logo\\\/image\\\/\",\"url\":\"https:\\\/\\\/hotmixpro.com\\\/wp-content\\\/uploads\\\/2020\\\/03\\\/unnamed-2.jpg\",\"contentUrl\":\"https:\\\/\\\/hotmixpro.com\\\/wp-content\\\/uploads\\\/2020\\\/03\\\/unnamed-2.jpg\",\"width\":314,\"height\":115,\"caption\":\"HotmixPRO\"},\"image\":{\"@id\":\"https:\\\/\\\/hotmixpro.com\\\/it\\\/#\\\/schema\\\/logo\\\/image\\\/\"},\"sameAs\":[\"https:\\\/\\\/facebook.com\\\/hotmixpro.page\",\"https:\\\/\\\/youtube.com\\\/hotmixprolab\"]}]}<\/script>\n<!-- \/ Yoast SEO plugin. -->","yoast_head_json":{"title":"Chi siamo - HotmixPRO","robots":{"index":"index","follow":"follow","max-snippet":"max-snippet:-1","max-image-preview":"max-image-preview:large","max-video-preview":"max-video-preview:-1"},"canonical":"https:\/\/hotmixpro.com\/it\/chi-siamo\/","og_locale":"it_IT","og_type":"article","og_title":"Chi siamo - HotmixPRO","og_description":"Modena \u00e8 la provincia italiana pi\u00f9 ricca di prodotti DOP e IGP. Il cuore della food valley italiana \u00e8 qui, in questo territorio di grande tradizione culinaria. Aziende di altissimo profilo, come Ferrari e Maserati, solo per citare le pi\u00f9 note, ci hanno resi uno dei poli tecnologici pi\u00f9 rilevanti a livello nazionale ed internazionale. [&hellip;]","og_url":"https:\/\/hotmixpro.com\/it\/chi-siamo\/","og_site_name":"HotmixPRO","article_publisher":"https:\/\/facebook.com\/hotmixpro.page","article_modified_time":"2022-08-25T12:44:51+00:00","og_image":[{"url":"https:\/\/hotmixpro.tempurl.host\/wp-content\/uploads\/2022\/06\/Modena-hotmixpro.png","type":"","width":"","height":""}],"twitter_card":"summary_large_image","twitter_misc":{"Tempo di lettura stimato":"1 minuto"},"schema":{"@context":"https:\/\/schema.org","@graph":[{"@type":"WebPage","@id":"https:\/\/hotmixpro.com\/it\/chi-siamo\/","url":"https:\/\/hotmixpro.com\/it\/chi-siamo\/","name":"Chi siamo - HotmixPRO","isPartOf":{"@id":"https:\/\/hotmixpro.com\/it\/#website"},"primaryImageOfPage":{"@id":"https:\/\/hotmixpro.com\/it\/chi-siamo\/#primaryimage"},"image":{"@id":"https:\/\/hotmixpro.com\/it\/chi-siamo\/#primaryimage"},"thumbnailUrl":"https:\/\/hotmixpro.tempurl.host\/wp-content\/uploads\/2022\/06\/Modena-hotmixpro.png","datePublished":"2022-06-06T13:21:58+00:00","dateModified":"2022-08-25T12:44:51+00:00","breadcrumb":{"@id":"https:\/\/hotmixpro.com\/it\/chi-siamo\/#breadcrumb"},"inLanguage":"it-IT","potentialAction":[{"@type":"ReadAction","target":["https:\/\/hotmixpro.com\/it\/chi-siamo\/"]}]},{"@type":"ImageObject","inLanguage":"it-IT","@id":"https:\/\/hotmixpro.com\/it\/chi-siamo\/#primaryimage","url":"https:\/\/hotmixpro.tempurl.host\/wp-content\/uploads\/2022\/06\/Modena-hotmixpro.png","contentUrl":"https:\/\/hotmixpro.tempurl.host\/wp-content\/uploads\/2022\/06\/Modena-hotmixpro.png"},{"@type":"BreadcrumbList","@id":"https:\/\/hotmixpro.com\/it\/chi-siamo\/#breadcrumb","itemListElement":[{"@type":"ListItem","position":1,"name":"Home","item":"https:\/\/hotmixpro.com\/it\/home\/"},{"@type":"ListItem","position":2,"name":"Chi siamo"}]},{"@type":"WebSite","@id":"https:\/\/hotmixpro.com\/it\/#website","url":"https:\/\/hotmixpro.com\/it\/","name":"HotmixPRO","description":"the Chef&#039;s choice","publisher":{"@id":"https:\/\/hotmixpro.com\/it\/#organization"},"potentialAction":[{"@type":"SearchAction","target":{"@type":"EntryPoint","urlTemplate":"https:\/\/hotmixpro.com\/it\/?s={search_term_string}"},"query-input":{"@type":"PropertyValueSpecification","valueRequired":true,"valueName":"search_term_string"}}],"inLanguage":"it-IT"},{"@type":"Organization","@id":"https:\/\/hotmixpro.com\/it\/#organization","name":"HotmixPRO","url":"https:\/\/hotmixpro.com\/it\/","logo":{"@type":"ImageObject","inLanguage":"it-IT","@id":"https:\/\/hotmixpro.com\/it\/#\/schema\/logo\/image\/","url":"https:\/\/hotmixpro.com\/wp-content\/uploads\/2020\/03\/unnamed-2.jpg","contentUrl":"https:\/\/hotmixpro.com\/wp-content\/uploads\/2020\/03\/unnamed-2.jpg","width":314,"height":115,"caption":"HotmixPRO"},"image":{"@id":"https:\/\/hotmixpro.com\/it\/#\/schema\/logo\/image\/"},"sameAs":["https:\/\/facebook.com\/hotmixpro.page","https:\/\/youtube.com\/hotmixprolab"]}]}},"_links":{"self":[{"href":"https:\/\/hotmixpro.com\/it\/wp-json\/wp\/v2\/pages\/856412","targetHints":{"allow":["GET"]}}],"collection":[{"href":"https:\/\/hotmixpro.com\/it\/wp-json\/wp\/v2\/pages"}],"about":[{"href":"https:\/\/hotmixpro.com\/it\/wp-json\/wp\/v2\/types\/page"}],"author":[{"embeddable":true,"href":"https:\/\/hotmixpro.com\/it\/wp-json\/wp\/v2\/users\/5"}],"replies":[{"embeddable":true,"href":"https:\/\/hotmixpro.com\/it\/wp-json\/wp\/v2\/comments?post=856412"}],"version-history":[{"count":0,"href":"https:\/\/hotmixpro.com\/it\/wp-json\/wp\/v2\/pages\/856412\/revisions"}],"wp:attachment":[{"href":"https:\/\/hotmixpro.com\/it\/wp-json\/wp\/v2\/media?parent=856412"}],"curies":[{"name":"wp","href":"https:\/\/api.w.org\/{rel}","templated":true}]}}