{"id":55171,"date":"2015-06-01T23:43:19","date_gmt":"2015-06-01T23:43:19","guid":{"rendered":"https:\/\/hotmixpro.tempurl.host\/?page_id=55171"},"modified":"2015-06-03T11:02:38","modified_gmt":"2015-06-03T11:02:38","slug":"termini-di-servizio-privacy-policy","status":"publish","type":"page","link":"https:\/\/hotmixpro.com\/it\/termini-di-servizio-privacy-policy\/","title":{"rendered":"Termini di servizio, privacy policy"},"content":{"rendered":"<div class=\"content-bootstrap-area\"><p>Siti, domini e sottodomini di cui all\u2019indirizzo https:\/\/hotmixpro.tempurl.host\/ (di seguito indicato come il Sito), sono di propriet\u00e0 esclusiva di Vitaeco s.r.l., con sede in Sede Legale e Operativa: via Bazzini 241 \u2013 41123 Modena \u2013 Italia (Partita IVA\/C.F.: 03268370362), di seguito denominata Vitaeco.<\/p>\n<p>Il Sito non \u00e8 aggiornato con cadenza periodica e regolare, e pertanto non deve essere registrato come prodotto editoriale secondo la legge 47 del 1948.<\/p>\n<h3>Accettazione delle Condizioni<\/h3>\n<p>Nelle presenti Condizioni Generali di Servizio sono contenuti i termini e le condizioni che regolano l\u2019utilizzo dei servizi offerti da Vitaeco. Accettando tali condizioni durante il processo di registrazione al Sito, e utilizzando il Sito stesso, l\u2019Utente conviene esplicitamente di rispettare le Condizioni del Sito.<\/p>\n<p>LA PROSECUZIONE NELL\u2019USO DEL SITO INDICA ESPRESSA ACCETTAZIONE DA PARTE DELL\u2019UTENTE<\/p>\n<h3>Modifica delle Condizioni<\/h3>\n<p>Le condizioni di servizio possono essere modificate in qualsiasi momento ad insindacabile giudizio dei titolari, qualora lo ritengano necessario per ragioni di carattere giuridico o tecnico. Salvi gli ordinari rimedi previsti dalla legge per l\u2019inadempimento di obblighi derivanti dal contratto o dal mancato rispetto delle norme vigenti, Vitaeco si riserva il diritto di inviare avvisi all\u2019Utente, sospendere le utenze a tempo determinato o indeterminato, interrompendo la fornitura di tutti od alcuni dei propri servizi, nel caso di:<\/p>\n<p>a) violazioni alle presenti Condizioni Generali;<br \/>b) impossibilit\u00e0 da parte del Sito di verificare l\u2019autenticit\u00e0 delle informazioni fornite in sede di registrazione o durante l\u2019utilizzo del servizio;<br \/>c) compimento di azioni che possano comportare danni economici o responsabilit\u00e0 legale a carico del Sito o di altri Utenti;<br \/>d) motivi di sicurezza e prevenzione di accessi non autorizzati al Sito;<br \/>e) cessazione parziale o totale dei servizi.<\/p>\n<h3>Uso del Sito<\/h3>\n<p>L\u2019Utente conviene esplicitamente e garantisce che il suo uso del Sito e dei servizi forniti avverr\u00e0 nel pieno rispetto delle Condizioni generali di servizio, e che non violer\u00e0 i diritti di qualsiasi altro soggetto, che non costituir\u00e0 inadempimento di un obbligazione contrattuale o un obbligo legale nei confronti di terzo, e che non contravverr\u00e0 alle leggi vigenti. Inoltre conviene esplicitamente di manlevare Vitaeco da ogni responsabilit\u00e0, nei confronti di qualsiasi soggetto, derivante da un uso del Sito non conforme a queste Condizioni.<\/p>\n<p>Dichiara, inoltre, di aver compiuto il diciottesimo anno di et\u00e0 e di essere legalmente capace a stipulare contratti e ad utilizzare questo Sito in piena conformit\u00e0 a tutte le Condizioni qui indicate.<\/p>\n<p>Per l\u2019iscrizione a hotmixpro.com \u00e8 consentito l\u2019uso di nomi di persone od aziende oltre a nickname prodotti di fantasia, purch\u00e9 l\u2019Utente abbia le autorizzazioni per l\u2019uso del nome o del dominio e con tale uso non violi alcuna delle legge vigenti in materia di propriet\u00e0 intellettuale.<\/p>\n<p>L\u2019Utente iscrivendosi al Sito si impegna a manlevare Vitaeco da ogni responsabilit\u00e0, nei confronti di qualsiasi soggetto, derivante da un uso di nomi di persona, nomi a dominio o marchi aziendali, non conforme alle leggi vigenti.<\/p>\n<p>All\u2019Utente \u00e8 fatto espressamente divieto di:<\/p>\n<ul>\n<li>utilizzare il Sito in maniera tale da danneggiare, mettere fuori servizio, sovraccaricare o comunque pregiudicare il funzionamento del Sito stesso o della rete\/i cui esso \u00e8 collegato;<\/li>\n<li>porre in essere qualsivoglia azione che possa interferire o impedire l\u2019utilizzo del Sito da parte dei terzi;<\/li>\n<li>tentare di accedere, con qualunque mezzo illecito al Sito o ad informazioni e\/o dati relativi agli Utenti registrati e\/o ad elaboratori e reti connesse al Sito stesso.<\/li>\n<\/ul>\n<p>Vitaeco si riserva la facolt\u00e0 di rimuovere a proprio esclusivo ed insindacabile giudizio qualsiasi contenuto che risulti:<\/p>\n<ul>\n<li>illecito, diffamatorio, razzista o calunnioso;<\/li>\n<li>istigatore all\u2019odio o alla violenza;<\/li>\n<li>lesivo nei confronti di persone, istituzioni o religioni;<\/li>\n<li>lesivo della privacy altrui;<\/li>\n<li>dannoso per minori di et\u00e0;<\/li>\n<li>lesivo nei confronti di marchi, brevetti e contenuti protetti dal diritto d\u2019autore (copyright);<\/li>\n<li>contenente dati personali di terzi;<\/li>\n<li>promotore di attivit\u00e0 commerciali non collegate alle attivit\u00e0 di Vitaeco e dei suoi partner.<\/li>\n<\/ul>\n<p>In caso di sospensione, temporanea o indeterminata, non sar\u00e0 reso possibile all\u2019Utente registrarsi nuovamente con le stesse credenziali associate all\u2019account sospeso.<\/p>\n<h3>Propriet\u00e0 dei contenuti<\/h3>\n<p>Salvo che sia diversamente indicato, il Sito, la sua grafica, e tutti i testi, le immagini, i marchi, i loghi e quanto contenuto nel Sito \u00e8 di propriet\u00e0 di Vitaeco, e tutti i diritti sono riservati.<\/p>\n<p>Vitaeco, Hotmix, HotmixPRO, hotmixpro.com, il logo e tutti gli altri marchi sul Sito sono marchi registrati o comunque appartenenti a Vitaeco, oppure a terzi che hanno concesso espressamente l\u2019uso del marchio.<\/p>\n<p>Niente di quanto contenuto nel Sito pu\u00f2 essere inteso come una garanzia, implicita o altrimenti, di una licenza o diritto di utilizzo dei marchi senza la preventiva autorizzazione scritta di Vitaeco o altra parte che sia titolare del marchio. I suddetti diritti sono protetti dalle leggi e dai trattati internazionali applicabili in materia di tutela della propriet\u00e0 intellettuale, ed \u00e8 pertanto vietata, oltre che sanzionata civilmente e penalmente, ogni forma di riproduzione e ridistribuzione, anche parziale, dei contenuti del Sito, senza il preventivo consenso scritto di Vitaeco.<\/p>\n<p>I contenuti di qualsivoglia natura (testi, immagini, video, ecc\u2026.) forniti ed immessi dagli Utenti, rimangono di esclusiva propriet\u00e0 degli Utenti e\/o dei terzi dai quali l\u2019Utente ha ottenuto il diritto all\u2019utilizzazione. Inviando i suddetti contenuti, l\u2019Utente concede altres\u00ec al Sito il diritto di utilizzare, pubblicare, divulgare, duplicare, trasmettere, visualizzare, eseguire pubblicamente, i contenuti.<\/p>\n<p>L\u2019Utente dichiara e garantisce che l\u2019invio dei contenuti e\/o l\u2019utilizzo degli stessi da parte del Sito non viola alcun diritto di propriet\u00e0 intellettuale o industriale e\/o diritto all\u2019immagine e\/o diritto alla riservatezza e\/o diritto alla segretezza di terzi. In particolare, l\u2019Utente dichiara e garantisce altres\u00ec di avere ottenuto tutti i necessari consensi ed approvazioni dagli eventuali terzi interessati, di aver corrisposto i diritti e gli oneri dovuti per legge, o contratto, a terzi e che nessun diritto di terzi osta affinch\u00e9 il Sito riceva ed utilizzi i contenuti ai sensi delle Condizioni Generali.<\/p>\n<p>Conseguentemente, l\u2019Utente si impegna a manlevare e tenere indenne Vitaeco da ogni e qualsivoglia pretesa, danno, pregiudizio, costo o spesa (inclusi anche i costi per l\u2019assistenza legale nonch\u00e9 quelli conseguenti ad eventuali provvedimenti giudiziali emessi nei confronti del Sito in cui dovesse incorrere a seguito della violazione da parte dell\u2019Utente di cui al presente paragrafo).<\/p>\n<h3>Esclusione di garanzia e limitazione di responsabilit\u00e0<\/h3>\n<p>Nei limiti previsti dalla legge e fatti salvi i diritti dei consumatori, Vitaeco non fornisce alcuna garanzia sull\u2019idoneit\u00e0 del contenuto del sito, ad un qualsiasi scopo, tranne che non sia previsto diversamente per i servizi a pagamento.<\/p>\n<p>Inoltre non assume alcuna garanzia circa l\u2019accuratezza del contenuto del sito, in particolare dei contenuti immessi personalmente dagli Utenti.<\/p>\n<p>L\u2019Utente usa il Sito sotto la sua esclusiva responsabilit\u00e0, e Vitaeco, tranne per i servizi forniti a pagamento limitatamente allo scopo del servizio medesimo, non potr\u00e0 essere ritenuta responsabile, a titolo contrattuale o a titolo extracontrattuale, per perdite o danni derivanti dall\u2019uso del Sito, compresi, senza alcuna limitazione, qualsiasi danno (diretto, indiretto, punitivo o consequenziale) e qualsiasi perdita (di reddito, di profitti, di avviamento, di dati, di contratti, di impiego di denaro), nonch\u00e9 perdite o danni derivanti da interruzione di affari determinate dall\u2019uso o dall\u2019impossibilit\u00e0 di utilizzo ovvero dai risultati dell\u2019uso di questo Sito.<\/p>\n<h3>Utenti internazionali<\/h3>\n<p>Vitaeco non garantisce che le informazioni presenti nel Sito risultino corrette ed, in particolare, che i contenuti siano disponibili nello stesso aspetto esteriore, nello stesso formato ed alle stesse condizioni anche al di fuori dell\u2019Italia. L\u2019Utente, residente in un paese diverso dall\u2019Italia, che visita ed usa il Sito, si impegna a rispettare tutte le leggi applicabili relative alla trasmissione di dati e contenuti nel Paese in cui ha la residenza e, qualora scarichi informazioni e contenuti del Sito, si assume la responsabilit\u00e0 circa il rispetto della legislazione in vigore nel paese in cui risiede.<\/p>\n<h3>Siti esterni<\/h3>\n<p>Il Sito pu\u00f2 contenere link e banner a siti di terzi che non sono sotto il controllo di Vitaeco, e non assume alcuna responsabilit\u00e0 per i contenuti di tali siti o per i servizi da essi forniti. Il Sito fornisce tali link e banner ma ci\u00f2 non implica in alcun modo approvazione o affiliazione con il sito linkato. I siti linkati sono di propriet\u00e0 di terzi che li gestiscono autonomamente, e pertanto Vitaeco non pu\u00f2 assicurare che l\u2019Utente sar\u00e0 soddisfatto dei loro prodotti o servizi o modalit\u00e0 imprenditoriali. Pertanto \u00e8 opportuno che l\u2019Utente svolga tutti gli accertamenti che riterr\u00e0 necessari ed opportuni prima di avviare alcuna transazione con tali soggetti.<\/p>\n<h3>Cookie Policy<\/h3>\n<p>Si rimanda alla pagina\u00a0<a href=\"https:\/\/hotmixpro.tempurl.host\/website-cookies\/\">relativa ai cookies<\/a>.<\/p>\n<h3>Privacy e trattamento dei dati personali<\/h3>\n<p>Il Sito fa uso di formulari di contatto per raccogliere comunicazioni da parte dei visitatori.<br \/>Attraverso questi formulari, Vitaeco raccoglie dati quali nome, cognome, numero di telefono ed email dei visitatori che volessero contattare l&#8217;azienda. Questi dati vengono raccolti allo scopo esclusivo di poter ricontattare i visitatori per motivi commerciali strettamente legati alla gamma Hotmix, ovvero per poter fornire un&#8217;offerta commerciale sui prodotti HotmixPRO di Vitaeco.<\/p>\n<p>I suddetti dati potrebbero essere condivisi con partner ed importatori, nazionali ed internazionali, allo scopo di metterli in condizione di contattare un potenziale cliente.<\/p>\n<p>Vitaeco, in nessun caso, potr\u00e0 essere considerata responsabile del comportamento dei partner e degli importatori, relativamente all&#8217;utilizzo dei suddetti dati; ogni comunicazione dei dati degli utenti avviene nella massima buona fede.<\/p>\n<p>In particolare, qualora un partner di Vitaeco abusasse di dati forniti dall&#8217;azienda, come ad esempio, ma non solo, per operazioni di spam, telemarketing, o social media marketing, Vitaeco non si riterrebbe responsabile.<\/p>\n<p>Utilizzando i formulari e le altre forme di comunicazione, l&#8217;utente implicitamente accetta la non responsabilit\u00e0 di Vitaeco.<\/p>\n<\/div>","protected":false},"excerpt":{"rendered":"<p>Siti, domini e sottodomini di cui all\u2019indirizzo https:\/\/hotmixpro.tempurl.host\/ (di seguito indicato come il Sito), sono di propriet\u00e0 esclusiva di Vitaeco s.r.l., con sede in Sede Legale e Operativa: via Bazzini 241 \u2013 41123 Modena \u2013 Italia (Partita IVA\/C.F.: 03268370362), di seguito denominata Vitaeco. Il Sito non \u00e8 aggiornato con cadenza periodica e regolare, e pertanto [&hellip;]<\/p>\n","protected":false},"author":5,"featured_media":0,"parent":0,"menu_order":0,"comment_status":"open","ping_status":"closed","template":"","meta":{"_et_pb_use_builder":"","_et_pb_old_content":"","_et_gb_content_width":"","footnotes":""},"class_list":["post-55171","page","type-page","status-publish","hentry"],"yoast_head":"<!-- This site is optimized with the Yoast SEO plugin v27.4 - https:\/\/yoast.com\/product\/yoast-seo-wordpress\/ -->\n<title>Termini di servizio, privacy policy - HotmixPRO<\/title>\n<meta name=\"robots\" content=\"index, follow, max-snippet:-1, max-image-preview:large, max-video-preview:-1\" \/>\n<link rel=\"canonical\" href=\"https:\/\/hotmixpro.com\/it\/termini-di-servizio-privacy-policy\/\" \/>\n<meta property=\"og:locale\" content=\"it_IT\" \/>\n<meta property=\"og:type\" content=\"article\" \/>\n<meta property=\"og:title\" content=\"Termini di servizio, privacy policy - HotmixPRO\" \/>\n<meta property=\"og:description\" content=\"Siti, domini e sottodomini di cui all\u2019indirizzo https:\/\/hotmixpro.tempurl.host\/ (di seguito indicato come il Sito), sono di propriet\u00e0 esclusiva di Vitaeco s.r.l., con sede in Sede Legale e Operativa: via Bazzini 241 \u2013 41123 Modena \u2013 Italia (Partita IVA\/C.F.: 03268370362), di seguito denominata Vitaeco. Il Sito non \u00e8 aggiornato con cadenza periodica e regolare, e pertanto [&hellip;]\" \/>\n<meta property=\"og:url\" content=\"https:\/\/hotmixpro.com\/it\/termini-di-servizio-privacy-policy\/\" \/>\n<meta property=\"og:site_name\" content=\"HotmixPRO\" \/>\n<meta property=\"article:publisher\" content=\"https:\/\/facebook.com\/hotmixpro.page\" \/>\n<meta property=\"article:modified_time\" content=\"2015-06-03T11:02:38+00:00\" \/>\n<meta name=\"twitter:card\" content=\"summary_large_image\" \/>\n<meta name=\"twitter:label1\" content=\"Tempo di lettura stimato\" \/>\n\t<meta name=\"twitter:data1\" content=\"8 minuti\" \/>\n<script type=\"application\/ld+json\" class=\"yoast-schema-graph\">{\"@context\":\"https:\\\/\\\/schema.org\",\"@graph\":[{\"@type\":\"WebPage\",\"@id\":\"https:\\\/\\\/hotmixpro.com\\\/it\\\/termini-di-servizio-privacy-policy\\\/\",\"url\":\"https:\\\/\\\/hotmixpro.com\\\/it\\\/termini-di-servizio-privacy-policy\\\/\",\"name\":\"Termini di servizio, privacy policy - HotmixPRO\",\"isPartOf\":{\"@id\":\"https:\\\/\\\/hotmixpro.com\\\/it\\\/#website\"},\"datePublished\":\"2015-06-01T23:43:19+00:00\",\"dateModified\":\"2015-06-03T11:02:38+00:00\",\"breadcrumb\":{\"@id\":\"https:\\\/\\\/hotmixpro.com\\\/it\\\/termini-di-servizio-privacy-policy\\\/#breadcrumb\"},\"inLanguage\":\"it-IT\",\"potentialAction\":[{\"@type\":\"ReadAction\",\"target\":[\"https:\\\/\\\/hotmixpro.com\\\/it\\\/termini-di-servizio-privacy-policy\\\/\"]}]},{\"@type\":\"BreadcrumbList\",\"@id\":\"https:\\\/\\\/hotmixpro.com\\\/it\\\/termini-di-servizio-privacy-policy\\\/#breadcrumb\",\"itemListElement\":[{\"@type\":\"ListItem\",\"position\":1,\"name\":\"Home\",\"item\":\"https:\\\/\\\/hotmixpro.com\\\/it\\\/home\\\/\"},{\"@type\":\"ListItem\",\"position\":2,\"name\":\"Termini di servizio, privacy policy\"}]},{\"@type\":\"WebSite\",\"@id\":\"https:\\\/\\\/hotmixpro.com\\\/it\\\/#website\",\"url\":\"https:\\\/\\\/hotmixpro.com\\\/it\\\/\",\"name\":\"HotmixPRO\",\"description\":\"the Chef&#039;s choice\",\"publisher\":{\"@id\":\"https:\\\/\\\/hotmixpro.com\\\/it\\\/#organization\"},\"potentialAction\":[{\"@type\":\"SearchAction\",\"target\":{\"@type\":\"EntryPoint\",\"urlTemplate\":\"https:\\\/\\\/hotmixpro.com\\\/it\\\/?s={search_term_string}\"},\"query-input\":{\"@type\":\"PropertyValueSpecification\",\"valueRequired\":true,\"valueName\":\"search_term_string\"}}],\"inLanguage\":\"it-IT\"},{\"@type\":\"Organization\",\"@id\":\"https:\\\/\\\/hotmixpro.com\\\/it\\\/#organization\",\"name\":\"HotmixPRO\",\"url\":\"https:\\\/\\\/hotmixpro.com\\\/it\\\/\",\"logo\":{\"@type\":\"ImageObject\",\"inLanguage\":\"it-IT\",\"@id\":\"https:\\\/\\\/hotmixpro.com\\\/it\\\/#\\\/schema\\\/logo\\\/image\\\/\",\"url\":\"https:\\\/\\\/hotmixpro.com\\\/wp-content\\\/uploads\\\/2020\\\/03\\\/unnamed-2.jpg\",\"contentUrl\":\"https:\\\/\\\/hotmixpro.com\\\/wp-content\\\/uploads\\\/2020\\\/03\\\/unnamed-2.jpg\",\"width\":314,\"height\":115,\"caption\":\"HotmixPRO\"},\"image\":{\"@id\":\"https:\\\/\\\/hotmixpro.com\\\/it\\\/#\\\/schema\\\/logo\\\/image\\\/\"},\"sameAs\":[\"https:\\\/\\\/facebook.com\\\/hotmixpro.page\",\"https:\\\/\\\/youtube.com\\\/hotmixprolab\"]}]}<\/script>\n<!-- \/ Yoast SEO plugin. -->","yoast_head_json":{"title":"Termini di servizio, privacy policy - HotmixPRO","robots":{"index":"index","follow":"follow","max-snippet":"max-snippet:-1","max-image-preview":"max-image-preview:large","max-video-preview":"max-video-preview:-1"},"canonical":"https:\/\/hotmixpro.com\/it\/termini-di-servizio-privacy-policy\/","og_locale":"it_IT","og_type":"article","og_title":"Termini di servizio, privacy policy - HotmixPRO","og_description":"Siti, domini e sottodomini di cui all\u2019indirizzo https:\/\/hotmixpro.tempurl.host\/ (di seguito indicato come il Sito), sono di propriet\u00e0 esclusiva di Vitaeco s.r.l., con sede in Sede Legale e Operativa: via Bazzini 241 \u2013 41123 Modena \u2013 Italia (Partita IVA\/C.F.: 03268370362), di seguito denominata Vitaeco. Il Sito non \u00e8 aggiornato con cadenza periodica e regolare, e pertanto [&hellip;]","og_url":"https:\/\/hotmixpro.com\/it\/termini-di-servizio-privacy-policy\/","og_site_name":"HotmixPRO","article_publisher":"https:\/\/facebook.com\/hotmixpro.page","article_modified_time":"2015-06-03T11:02:38+00:00","twitter_card":"summary_large_image","twitter_misc":{"Tempo di lettura stimato":"8 minuti"},"schema":{"@context":"https:\/\/schema.org","@graph":[{"@type":"WebPage","@id":"https:\/\/hotmixpro.com\/it\/termini-di-servizio-privacy-policy\/","url":"https:\/\/hotmixpro.com\/it\/termini-di-servizio-privacy-policy\/","name":"Termini di servizio, privacy policy - HotmixPRO","isPartOf":{"@id":"https:\/\/hotmixpro.com\/it\/#website"},"datePublished":"2015-06-01T23:43:19+00:00","dateModified":"2015-06-03T11:02:38+00:00","breadcrumb":{"@id":"https:\/\/hotmixpro.com\/it\/termini-di-servizio-privacy-policy\/#breadcrumb"},"inLanguage":"it-IT","potentialAction":[{"@type":"ReadAction","target":["https:\/\/hotmixpro.com\/it\/termini-di-servizio-privacy-policy\/"]}]},{"@type":"BreadcrumbList","@id":"https:\/\/hotmixpro.com\/it\/termini-di-servizio-privacy-policy\/#breadcrumb","itemListElement":[{"@type":"ListItem","position":1,"name":"Home","item":"https:\/\/hotmixpro.com\/it\/home\/"},{"@type":"ListItem","position":2,"name":"Termini di servizio, privacy policy"}]},{"@type":"WebSite","@id":"https:\/\/hotmixpro.com\/it\/#website","url":"https:\/\/hotmixpro.com\/it\/","name":"HotmixPRO","description":"the Chef&#039;s choice","publisher":{"@id":"https:\/\/hotmixpro.com\/it\/#organization"},"potentialAction":[{"@type":"SearchAction","target":{"@type":"EntryPoint","urlTemplate":"https:\/\/hotmixpro.com\/it\/?s={search_term_string}"},"query-input":{"@type":"PropertyValueSpecification","valueRequired":true,"valueName":"search_term_string"}}],"inLanguage":"it-IT"},{"@type":"Organization","@id":"https:\/\/hotmixpro.com\/it\/#organization","name":"HotmixPRO","url":"https:\/\/hotmixpro.com\/it\/","logo":{"@type":"ImageObject","inLanguage":"it-IT","@id":"https:\/\/hotmixpro.com\/it\/#\/schema\/logo\/image\/","url":"https:\/\/hotmixpro.com\/wp-content\/uploads\/2020\/03\/unnamed-2.jpg","contentUrl":"https:\/\/hotmixpro.com\/wp-content\/uploads\/2020\/03\/unnamed-2.jpg","width":314,"height":115,"caption":"HotmixPRO"},"image":{"@id":"https:\/\/hotmixpro.com\/it\/#\/schema\/logo\/image\/"},"sameAs":["https:\/\/facebook.com\/hotmixpro.page","https:\/\/youtube.com\/hotmixprolab"]}]}},"_links":{"self":[{"href":"https:\/\/hotmixpro.com\/it\/wp-json\/wp\/v2\/pages\/55171","targetHints":{"allow":["GET"]}}],"collection":[{"href":"https:\/\/hotmixpro.com\/it\/wp-json\/wp\/v2\/pages"}],"about":[{"href":"https:\/\/hotmixpro.com\/it\/wp-json\/wp\/v2\/types\/page"}],"author":[{"embeddable":true,"href":"https:\/\/hotmixpro.com\/it\/wp-json\/wp\/v2\/users\/5"}],"replies":[{"embeddable":true,"href":"https:\/\/hotmixpro.com\/it\/wp-json\/wp\/v2\/comments?post=55171"}],"version-history":[{"count":0,"href":"https:\/\/hotmixpro.com\/it\/wp-json\/wp\/v2\/pages\/55171\/revisions"}],"wp:attachment":[{"href":"https:\/\/hotmixpro.com\/it\/wp-json\/wp\/v2\/media?parent=55171"}],"curies":[{"name":"wp","href":"https:\/\/api.w.org\/{rel}","templated":true}]}}