{"id":11808,"date":"2013-10-15T12:20:20","date_gmt":"2013-10-15T10:50:20","guid":{"rendered":"https:\/\/hotmixpro.tempurl.host\/?p=11808"},"modified":"2022-06-30T17:15:43","modified_gmt":"2022-06-30T15:15:43","slug":"panoramica-hotmixpro","status":"publish","type":"page","link":"https:\/\/hotmixpro.com\/it\/panoramica-hotmixpro\/","title":{"rendered":"Panoramica HotmixPRO"},"content":{"rendered":"<div class=\"content-bootstrap-area\"><h1 style=\"font-size: 26px; text-align: left;\">Attrezzature professionali per la ristorazione<\/h1>\n<h2 style=\"font-size: 22px; text-align: left;\">Dalla preparazione alla cottura: \u00e8 come avere un\u00a0sous-chef<\/h2>\n<div id=\"attachment_10772\" style=\"width: 360px\" class=\"wp-caption alignright\"><a class=\"fancybox\" href=\"https:\/\/hotmixpro.tempurl.host\/wp-content\/uploads\/2013\/01\/Gastro-funzioni-promo-solo-EN.jpeg\"><img aria-describedby=\"caption-attachment-10772\" decoding=\"async\" class=\"wp-image-10772\" title=\"HotmixPRO is a total solution\" src=\"https:\/\/hotmixpro.tempurl.host\/wp-content\/uploads\/2013\/01\/Gastro-funzioni-promo-solo-EN.jpeg\" alt=\"Attrezzature professionali per la ristorazione\" width=\"350\" height=\"350\" \/><\/a><p id=\"caption-attachment-10772\" class=\"wp-caption-text\">HotmixPRO \u00e8 una soluzione completa: clicca sull&#8217;immagine per ingrandirla.<\/p><\/div>\n<p><strong>HotmixPRO<\/strong> \u00e8 una gamma innovativa di attrezzature professionali multifunzione, pensate per ristorazione e cucina professionale.<\/p>\n<p><strong>Le attrezzature professionali per la ristorazione HotmixPRO,<\/strong> grazie alle loro speciali lame, possono fungere da <a href=\"https:\/\/hotmixpro.tempurl.host\/it\/hmpro-model\/hotmixpro-5-stars\/\"Title=\"Mixer termico professionale per ristorazione\">mixer termico<\/a> &#8211; per emulsionare liquidi &#8211; e come cutter &#8211; per tritare ogni tipo di ingrediente solido.<\/p>\n<p>Le attrezzature professionali sono dotate di motori professionali\u00a0(<strong>fino a\u00a03000W<\/strong> &#8211; a seconda del modello), e capaci di velocit\u00e0 tra\u00a00 (immobili) e\u00a0<strong>16000 giri al minuto<\/strong>, possono facilmente:<\/p>\n<ul>\n<li>miscelare<\/li>\n<li>tagliare<\/li>\n<li>emulsionare, come il robot da cucina HotmixPRO Gastro X, <a href= \"https:\/\/hotmixpro.tempurl.host\/it\/hmpro-model\/hotmixpro-gastro-x\/\" Title=\"Cutter emulsionatore professionale per ristorazione\">il cutter emulsionatore professionale per ristorazione <\/a><\/li>\n<li>omogeneizzare<\/li>\n<li>liquefare<\/li>\n<li>frullare<\/li>\n<\/ul>\n<p>ogni tipo di ingrediente.<\/p>\n<p>Oggigiorno, molte preparazioni sono effettuate con normali cutter, che molto spesso non superano i 3000 giri al minuto; grazie alle <strong>26 velocit\u00e0 di HotmixPRO<\/strong>, potrai fare le stesse cose molto pi\u00f9 rapidamente, e senza alterare le propriet\u00e0 dei tuoi ingredienti. E potrai farne molte altre.<\/p>\n<p>Le alte velocit\u00e0 (fino a <strong>16&#8217;000 rpm<\/strong> a seconda del modello) accorciano i tempi di preparazione, e garantiscono <strong>un livello di raffinazione del tutto nuovo<\/strong>.<br \/>\nPotrai frullare con il<a href=\"https:\/\/hotmixpro.tempurl.host\/it\/hmpro-model\/hotmixpro-breeze\/\"title=\"Frullatore cutter blender professionale per ristorazione\"> frullatore blender <\/a> o liquefare ogni tipo di ingrediente, con risultati cos\u00ec fini da essere <strong>adatti persino per le cliniche<\/strong>! Ma non \u00e8 tutto.<\/p>\n<p>Queste caratteristiche sono completate da un innovativo <strong>sistema di riscaldamento e raffreddamento!<\/strong><\/p>\n<p>Cuoci o refrigera ogni tipo di ricetta, a qualunque temperatura compresa tra\u00a0<span class=\"label label-info\">-24\u00b0C (-11\u00b0F) <\/span>\u00a0e\u00a0<span class=\"label label-important\">190\u00b0C (374\u00b0F) <\/span>, con un perfetto controllo grado per grado.<br \/>\nE miscela velocemente (o gentilmente) quanto vuoi, allo stesso tempo!<\/p>\n<hr \/>\n<h3>1 apparecchio, 2 accessori, 27 functions!*<\/h3>\n<div class='one_third'>\n\t\t\t\t\t<ul style=\"list-style: none;\">\n<li>Tagliare<\/li>\n<li>Sbattere<\/li>\n<li>Triturare<\/li>\n<li>Miscelare<\/li>\n<li>Montare<\/li>\n<li>Spezzettare<\/li>\n<li>Emulsionare<\/li>\n<li>Impastare<\/li>\n<li>Polverizzare<\/li>\n<\/ul>\n\t\t\t\t<\/div> <div class='one_third'>\n\t\t\t\t\t<ul style=\"list-style: none;\">\n<li>Cuocere\u00a0<span class=\"label label-important\">caldo<\/span><\/li>\n<li>Ridurre\u00a0\u00a0<span class=\"label label-important\">caldo<\/span><\/li>\n<li>Dorare\u00a0\u00a0<span class=\"label label-important\">caldo<\/span><\/li>\n<li>Cuocere a vapore\u00a0\u00a0<span class=\"label label-important\">caldo<\/span><\/li>\n<li>Cuocere a bassa temperatura\u00a0\u00a0<span class=\"label label-important\">caldo<\/span><\/li>\n<li>Stufare\u00a0\u00a0<span class=\"label label-important\">caldo<\/span><\/li>\n<li>Caramellare\u00a0\u00a0<span class=\"label label-important\">caldo<\/span><\/li>\n<li>Arrostire\u00a0\u00a0<span class=\"label label-important\">caldo<\/span><\/li>\n<li>Caramellizzazione degli zuccheri\u00a0\u00a0<span class=\"label label-important\">caldo<\/span><\/li>\n<\/ul>\n\t\t\t\t<\/div> <div class='one_third et_column_last'>\n\t\t\t\t\t<ul style=\"list-style: none;\">\n<li>Temperare cioccolato* \u00a0<span class=\"label label-important\">caldo<\/span>\u00a0<span class=\"label label-info\">freddo<\/span><\/li>\n<li>Estrarre Clorofilla\u00a0\u00a0<span class=\"label label-important\">caldo<\/span><\/li>\n<li>Mantecare Gelato* \u00a0<span class=\"label label-info\">freddo<\/span><\/li>\n<li>Pastorizzare* \u00a0<span class=\"label label-important\">caldo<\/span>\u00a0<span class=\"label label-info\">freddo<\/span><\/li>\n<li>Cuocere Sottovuoto*\u00a0<span class=\"label label-warning\">vuoto<\/span>\u00a0<span class=\"label label-important\">caldo<\/span><\/li>\n<li>Tagliare\u00a0Sottovuoto*\u00a0<span class=\"label label-warning\">vuoto<\/span><\/li>\n<li>Essiccare\u00a0Sottovuoto*\u00a0<span class=\"label label-warning\">vuoto<\/span>\u00a0<span class=\"label label-important\">caldo<\/span><\/li>\n<li>Concentrare\u00a0Sottovuoto*\u00a0<span class=\"label label-warning\">vuoto<\/span>\u00a0<span class=\"label label-important\">caldo<\/span><\/li>\n<li>Impregnare\u00a0Sottovuoto*\u00a0<span class=\"label label-warning\">vuoto<\/span>\u00a0<span class=\"label label-important\">caldo<\/span><\/li>\n<\/ul>\n\t\t\t\t<\/div><div class='clear'><\/div>\n<p>e molto altro!<\/p>\n<hr \/>\n<h2>\u00a0Performance Straordinarie!<\/h2>\n<ul>\n<li>Range di temperatura da\u00a0<span class=\"label label-info\">-24\u00b0C (-11\u00b0F) <\/span>\u00a0a\u00a0<span class=\"label label-important\">+190\u00b0C (+374\u00b0F) <\/span>*, con controllo grado per grado;<\/li>\n<li><strong>Risultati sempre perfetti<\/strong>, a prescindere dalla quantit\u00e0 e dalla temperatura iniziale degli ingredienti; la speciale funzione WT (Wait Temperature) permette di far partire il timer quando la temperatura desiderata \u00e8 raggiunta;<\/li>\n<li><strong>Da\u00a00 to 16.000 rpm*<\/strong>, con\u00a026 diverse velocit\u00e0 tra cui scegliere, grazie al potente motore professionale, con una potenza <strong>da\u00a01&#8217;200 a 3&#8217;000W*<\/strong>;<\/li>\n<li>Possibilit\u00e0 di <strong>registrare le tue ricette<\/strong>, e anche inviarle via email. Oltre <strong>400 ricette prememorizzate<\/strong> sulla SD card inclusa per cominciare;*<\/li>\n<li>Possibilit\u00e0 di impostare ricette con passaggi successivi <strong>senza che richiedano il tuo intervento<\/strong>;<strong>*<\/strong><\/li>\n<li>Operativit\u00e0 <strong>da 4 a 12 ore continuative<\/strong>, grazie al sistema TURBO AIR MOTOR SYSTEM;*<\/li>\n<li><strong>Funzione di auto-diagnosi<\/strong> con informazioni direttamente sul display, e scaricamento degli aggiornamenti via web;<\/li>\n<li>Motore mai surriscaldato. Sar\u00e0 <strong>sempre possibile completare la ricetta<\/strong>, anche in caso di motore sotto sforzo, grazie all&#8217;esclusivo <strong>sistema di sicurezza dinamico del motore<\/strong>. Quando il motore viene sforzato troppo, il software lo fa fermare per alcuni secondi, mantenendo attive tutte le altre funzioni. Dopodich\u00e9, il motore potr\u00e0 ripartire. Questo evita un eccessivo surriscaldamento del motore, e quindi la possibilit\u00e0 di un blocco totale, che interromperebbe il lavoro.<\/li>\n<\/ul>\n<div class=\"su-youtube su-u-responsive-media-yes\"><iframe width=\"900\" height=\"500\" data-src=\"https:\/\/www.youtube.com\/embed\/MkMK7l4y2SM?autohide=2&amp;autoplay=0&amp;mute=0&amp;controls=1&amp;fs=1&amp;loop=0&amp;modestbranding=0&amp;rel=0&amp;showinfo=1&amp;theme=dark&amp;wmode=&amp;playsinline=0\" frameborder=\"0\" allowfullscreen allow=\"autoplay; encrypted-media; picture-in-picture\" title=\"\" src=\"data:image\/svg+xml;base64,PHN2ZyB3aWR0aD0iMSIgaGVpZ2h0PSIxIiB4bWxucz0iaHR0cDovL3d3dy53My5vcmcvMjAwMC9zdmciPjwvc3ZnPg==\" class=\"lazyload\" data-load-mode=\"1\"><\/iframe><\/div>\n<hr \/>\n<p><span style=\"background-color: #ffffff;\"><h2>I dettagli fanno la differenza!<\/h2>\n<div style=\"clear: both; margin-bottom: 10px;\">\n<p><a href=\"https:\/\/hotmixpro.tempurl.host\/wp-content\/uploads\/2013\/10\/totale-2.jpg\"><img decoding=\"async\" class=\"wp-image-11813 alignleft\" title=\"accessori macchina da cucina acciaio inox\" src=\"https:\/\/hotmixpro.tempurl.host\/wp-content\/uploads\/2013\/10\/totale-2.jpg\" alt=\"accessori macchina da cucina acciaio inox\" width=\"374\" height=\"479\" srcset=\"https:\/\/hotmixpro.com\/wp-content\/uploads\/2013\/10\/totale-2.jpg 623w, https:\/\/hotmixpro.com\/wp-content\/uploads\/2013\/10\/totale-2-234x300.jpg 234w\" sizes=\"(max-width: 374px) 100vw, 374px\" \/><\/a><br \/> <strong>100% Struttura 100% acciaio inox AISI 304e*<\/strong><\/p>\n<p><strong>Gruppo lame realizzato interamente in acciaio inossidabile:<\/strong><\/p>\n<ul>\n<li><em>Coltelli ricavati da un unico pezzo per una grande robustezza ed una facile pulizia.<\/em><\/li>\n<li><em>Cuscinetti in acciaio inox Giapponese che consentono il lavaggio in lavastoviglie.<\/em><\/li>\n<li><em>Connessioni di trasmissione in microfusione di acciaio per una lunga durata.<\/em><\/li>\n<li><em>Pulegge in metallo per garantire la trasmissione della massima potenza, sempre.<\/em><\/li>\n<\/ul>\n<\/div>\n<hr style=\"clear: both; padding-top: 15px;\" \/>\n<p><a href=\"https:\/\/hotmixpro.tempurl.host\/wp-content\/uploads\/2013\/10\/Bicchiere-pagina-7-2.jpg\"><img decoding=\"async\" class=\"alignleft  wp-image-11809\" src=\"https:\/\/hotmixpro.tempurl.host\/wp-content\/uploads\/2013\/10\/Bicchiere-pagina-7-2.jpg\" alt=\"Bicchieri in acciaio inossidabile\" width=\"194\" height=\"240\" srcset=\"https:\/\/hotmixpro.com\/wp-content\/uploads\/2013\/10\/Bicchiere-pagina-7-2.jpg 647w, https:\/\/hotmixpro.com\/wp-content\/uploads\/2013\/10\/Bicchiere-pagina-7-2-243x300.jpg 243w\" sizes=\"(max-width: 194px) 100vw, 194px\" \/><\/a><strong>Facile da pulire<\/strong><\/p>\n<p>Tutte le parti a contatto con gli alimenti, conformi alle normative vigenti, si smontano facilmente e possono essere lavate in lavastoviglie.<\/p>\n<p>\u00a0<strong>Flessibile<\/strong><br \/> Lo speciale design conico del bicchiere permette di lavorare gli ingredienti, anche in piccole quantit\u00e0, con estrema facilit\u00e0. <\/p>\n<p><a href=\"https:\/\/hotmixpro.tempurl.host\/wp-content\/uploads\/2013\/10\/mascherina.jpg\"><img decoding=\"async\" class=\"alignleft  wp-image-11158\" style=\"clear: left; margin-top: 10px;\" src=\"https:\/\/hotmixpro.tempurl.host\/wp-content\/uploads\/2013\/10\/mascherina.jpg\" alt=\"pannello di controllo macchina da cucina\" width=\"194\" height=\"auto\" srcset=\"https:\/\/hotmixpro.com\/wp-content\/uploads\/2013\/10\/mascherina.jpg 684w, https:\/\/hotmixpro.com\/wp-content\/uploads\/2013\/10\/mascherina-257x300.jpg 257w\" sizes=\"(max-width: 684px) 100vw, 684px\" \/><\/a><\/p>\n<p>\u00a0<br \/> <strong>Simboli intuitivi<\/strong><br \/> Facile da utilizzare da subito grazie ai simboli semplici e intuitivi.<\/p>\n<p><a href=\"https:\/\/hotmixpro.tempurl.host\/wp-content\/uploads\/2013\/10\/Personalizzabile-ok-2-270x300.jpg\"><img decoding=\"async\" class=\"alignleft size-medium wp-image-11811\" style=\"clear: left; margin-top: 10px;\" src=\"https:\/\/hotmixpro.tempurl.host\/wp-content\/uploads\/2013\/10\/Personalizzabile-ok-2-270x300.jpg\" alt=\"macchina da cucina professionale\" width=\"194\" height=\"auto\" srcset=\"https:\/\/hotmixpro.com\/wp-content\/uploads\/2013\/10\/Personalizzabile-ok-2-270x300.jpg 270w, https:\/\/hotmixpro.com\/wp-content\/uploads\/2013\/10\/Personalizzabile-ok-2.jpg 721w\" sizes=\"(max-width: 270px) 100vw, 270px\" \/><\/a><strong>Personalizzabile<\/strong><br \/> Memorizza le proprie ricette, fino a 16 step consecutivi ciascuna; offre fino a oltre 400 ricette gi\u00e0 memorizzate garantendone le ripetibilit\u00e0.<br \/> Bicchiere e coperchio posizionabili sia con apertura a destra che a sinistra.*<\/p>\n<p><a href=\"https:\/\/hotmixpro.tempurl.host\/wp-content\/uploads\/2013\/10\/SDcard-001-2.jpg\"><img decoding=\"async\" class=\"alignright  wp-image-11810\" src=\"https:\/\/hotmixpro.tempurl.host\/wp-content\/uploads\/2013\/10\/SDcard-001-2.jpg\" alt=\"macchina da cucina con ricette memorizzate in sd card\" width=\"160\" height=\"122\" srcset=\"https:\/\/hotmixpro.com\/wp-content\/uploads\/2013\/10\/SDcard-001-2.jpg 800w, https:\/\/hotmixpro.com\/wp-content\/uploads\/2013\/10\/SDcard-001-2-300x230.jpg 300w, https:\/\/hotmixpro.com\/wp-content\/uploads\/2013\/10\/SDcard-001-2-768x588.jpg 768w\" sizes=\"(max-width: 160px) 100vw, 160px\" \/><\/a><\/p>\n<div style=\"clear: both; padding-top: 15px;\">\n<hr \/>\n<\/div>\n\n<span style=\"background-color: #ffffff;\"><h2>Semplice ed Efficace!<\/h2>\n<p>La caratteristica che rende unico ed insostituibile HotmixPRO, \u00e8 la sua capacit\u00e0 di eseguire una moltitudine di lavorazioni a caldo, come creme, salse e marmellate, evitando quegli innumerevoli passaggi che necessitano della presenza costante dell'operatore, costretto ad intervenire pi\u00f9 volte sulla macchina per arrivare alla realizzazione della ricetta.<\/p>\n<p>La comodit\u00e0 \u00e8 quella di poter inserire all'interno del bicchiere tutti gli ingredienti e, grazie al precisissimo controllo della temperatura, ottenere il prodotto finale. HotmixPRO pu\u00f2 miscelare il prodotto in maniera costante, con l'opportunit\u00e0 di selezionare la giusta velocit\u00e0, al fine di ottenere la perfetta esecuzione in ogni singola operazione.<\/p>\n<p>La possibilit\u00e0 di impostare e mantenere l'opportuna temperatura permetter\u00e0 di realizzare preparati senza incorrere in inutili perdite di tempo, con la garanzia del mantenimento della qualit\u00e0.<\/p>\n<p>Attraverso l'uso di HotmixPRO, il professionista pi\u00f9 esigente avr\u00e0 la possibilit\u00e0 di elevare, grazie ai precisi controlli della macchina, la qualit\u00e0 di ogni singola preparazione: si potranno standardizzare le migliori ricette e avere cos\u00ec la possibilit\u00e0 di poterle replicare quotidianamente, anche attraverso i propri collabolatori.<\/p>\n<p>Grazie a HotmixPRO, si potranno compiere con facilit\u00e0 e nel totale rispetto della qualit\u00e0, tutte quelle attivit\u00e0 che, per mancanza di tempo e di personale, erano molto difficili da realizzare.<\/p>\n<p>Non sar\u00e0 necessario dover garantire la propria presenza costante!<\/p>\n<p>Dopo aver creato una nuova ricetta, la si potr\u00e0 salvare sulla scheda SD*, oppure si potr\u00e0 decidere di utilizzarne una delle tante prememorizzate. Sar\u00e0 cos\u00ec possibile curare, con pi\u00f9 facilit\u00e0 ed in minor tempo, la realizzazione di tutto ci\u00f2 che, fino ad oggi, sembrava pi\u00f9 complicato e a volte impossibile.<\/p>\n<p>Il professionista potr\u00e0 arricchire la propria offerta, con conseguente gratificazione dei propri clienti.<\/p>\n<hr \/>\n\n<span style=\"background-color: #ffffff;\">\n<\/div>","protected":false},"excerpt":{"rendered":"<p>Attrezzature professionali per la ristorazione Dalla preparazione alla cottura: \u00e8 come avere un\u00a0sous-chef HotmixPRO \u00e8 una gamma innovativa di attrezzature professionali multifunzione, pensate per ristorazione e cucina professionale. Le attrezzature professionali per la ristorazione HotmixPRO, grazie alle loro speciali lame, possono fungere da mixer termico &#8211; per emulsionare liquidi &#8211; e come cutter &#8211; per [&hellip;]<\/p>\n","protected":false},"author":5,"featured_media":0,"parent":0,"menu_order":0,"comment_status":"closed","ping_status":"closed","template":"","meta":{"_et_pb_use_builder":"","_et_pb_old_content":"","_et_gb_content_width":"","footnotes":""},"class_list":["post-11808","page","type-page","status-publish","hentry"],"yoast_head":"<!-- This site is optimized with the Yoast SEO plugin v27.4 - https:\/\/yoast.com\/product\/yoast-seo-wordpress\/ -->\n<title>Attrezzature professionali per la ristorazione | HotmixPRO<\/title>\n<meta name=\"description\" content=\"Attrezzature professionali per la ristorazione HotmixPRO\u00ae, scopri le nostre macchine multifunzione pensate per la ristorazione. Garanzia Made in Italy.\" \/>\n<meta name=\"robots\" content=\"index, follow, max-snippet:-1, max-image-preview:large, max-video-preview:-1\" \/>\n<link rel=\"canonical\" href=\"https:\/\/hotmixpro.com\/it\/panoramica-hotmixpro\/\" \/>\n<meta property=\"og:locale\" content=\"it_IT\" \/>\n<meta property=\"og:type\" content=\"article\" \/>\n<meta property=\"og:title\" content=\"Attrezzature professionali per la ristorazione | HotmixPRO\" \/>\n<meta property=\"og:description\" content=\"Attrezzature professionali per la ristorazione HotmixPRO\u00ae, scopri le nostre macchine multifunzione pensate per la ristorazione. Garanzia Made in Italy.\" \/>\n<meta property=\"og:url\" content=\"https:\/\/hotmixpro.com\/it\/panoramica-hotmixpro\/\" \/>\n<meta property=\"og:site_name\" content=\"HotmixPRO\" \/>\n<meta property=\"article:publisher\" content=\"https:\/\/facebook.com\/hotmixpro.page\" \/>\n<meta property=\"article:modified_time\" content=\"2022-06-30T15:15:43+00:00\" \/>\n<meta property=\"og:image\" content=\"https:\/\/hotmixpro.tempurl.host\/wp-content\/uploads\/2013\/01\/Gastro-funzioni-promo-solo-EN.jpeg\" \/>\n<meta name=\"twitter:card\" content=\"summary_large_image\" \/>\n<meta name=\"twitter:label1\" content=\"Tempo di lettura stimato\" \/>\n\t<meta name=\"twitter:data1\" content=\"3 minuti\" \/>\n<script type=\"application\/ld+json\" class=\"yoast-schema-graph\">{\"@context\":\"https:\\\/\\\/schema.org\",\"@graph\":[{\"@type\":\"WebPage\",\"@id\":\"https:\\\/\\\/hotmixpro.com\\\/it\\\/panoramica-hotmixpro\\\/\",\"url\":\"https:\\\/\\\/hotmixpro.com\\\/it\\\/panoramica-hotmixpro\\\/\",\"name\":\"Attrezzature professionali per la ristorazione | HotmixPRO\",\"isPartOf\":{\"@id\":\"https:\\\/\\\/hotmixpro.com\\\/it\\\/#website\"},\"primaryImageOfPage\":{\"@id\":\"https:\\\/\\\/hotmixpro.com\\\/it\\\/panoramica-hotmixpro\\\/#primaryimage\"},\"image\":{\"@id\":\"https:\\\/\\\/hotmixpro.com\\\/it\\\/panoramica-hotmixpro\\\/#primaryimage\"},\"thumbnailUrl\":\"https:\\\/\\\/hotmixpro.tempurl.host\\\/wp-content\\\/uploads\\\/2013\\\/01\\\/Gastro-funzioni-promo-solo-EN.jpeg\",\"datePublished\":\"2013-10-15T10:50:20+00:00\",\"dateModified\":\"2022-06-30T15:15:43+00:00\",\"description\":\"Attrezzature professionali per la ristorazione HotmixPRO\u00ae, scopri le nostre macchine multifunzione pensate per la ristorazione. Garanzia Made in Italy.\",\"breadcrumb\":{\"@id\":\"https:\\\/\\\/hotmixpro.com\\\/it\\\/panoramica-hotmixpro\\\/#breadcrumb\"},\"inLanguage\":\"it-IT\",\"potentialAction\":[{\"@type\":\"ReadAction\",\"target\":[\"https:\\\/\\\/hotmixpro.com\\\/it\\\/panoramica-hotmixpro\\\/\"]}]},{\"@type\":\"ImageObject\",\"inLanguage\":\"it-IT\",\"@id\":\"https:\\\/\\\/hotmixpro.com\\\/it\\\/panoramica-hotmixpro\\\/#primaryimage\",\"url\":\"https:\\\/\\\/hotmixpro.tempurl.host\\\/wp-content\\\/uploads\\\/2013\\\/01\\\/Gastro-funzioni-promo-solo-EN.jpeg\",\"contentUrl\":\"https:\\\/\\\/hotmixpro.tempurl.host\\\/wp-content\\\/uploads\\\/2013\\\/01\\\/Gastro-funzioni-promo-solo-EN.jpeg\"},{\"@type\":\"BreadcrumbList\",\"@id\":\"https:\\\/\\\/hotmixpro.com\\\/it\\\/panoramica-hotmixpro\\\/#breadcrumb\",\"itemListElement\":[{\"@type\":\"ListItem\",\"position\":1,\"name\":\"Home\",\"item\":\"https:\\\/\\\/hotmixpro.com\\\/it\\\/home\\\/\"},{\"@type\":\"ListItem\",\"position\":2,\"name\":\"Panoramica HotmixPRO\"}]},{\"@type\":\"WebSite\",\"@id\":\"https:\\\/\\\/hotmixpro.com\\\/it\\\/#website\",\"url\":\"https:\\\/\\\/hotmixpro.com\\\/it\\\/\",\"name\":\"HotmixPRO\",\"description\":\"the Chef&#039;s choice\",\"publisher\":{\"@id\":\"https:\\\/\\\/hotmixpro.com\\\/it\\\/#organization\"},\"potentialAction\":[{\"@type\":\"SearchAction\",\"target\":{\"@type\":\"EntryPoint\",\"urlTemplate\":\"https:\\\/\\\/hotmixpro.com\\\/it\\\/?s={search_term_string}\"},\"query-input\":{\"@type\":\"PropertyValueSpecification\",\"valueRequired\":true,\"valueName\":\"search_term_string\"}}],\"inLanguage\":\"it-IT\"},{\"@type\":\"Organization\",\"@id\":\"https:\\\/\\\/hotmixpro.com\\\/it\\\/#organization\",\"name\":\"HotmixPRO\",\"url\":\"https:\\\/\\\/hotmixpro.com\\\/it\\\/\",\"logo\":{\"@type\":\"ImageObject\",\"inLanguage\":\"it-IT\",\"@id\":\"https:\\\/\\\/hotmixpro.com\\\/it\\\/#\\\/schema\\\/logo\\\/image\\\/\",\"url\":\"https:\\\/\\\/hotmixpro.com\\\/wp-content\\\/uploads\\\/2020\\\/03\\\/unnamed-2.jpg\",\"contentUrl\":\"https:\\\/\\\/hotmixpro.com\\\/wp-content\\\/uploads\\\/2020\\\/03\\\/unnamed-2.jpg\",\"width\":314,\"height\":115,\"caption\":\"HotmixPRO\"},\"image\":{\"@id\":\"https:\\\/\\\/hotmixpro.com\\\/it\\\/#\\\/schema\\\/logo\\\/image\\\/\"},\"sameAs\":[\"https:\\\/\\\/facebook.com\\\/hotmixpro.page\",\"https:\\\/\\\/youtube.com\\\/hotmixprolab\"]}]}<\/script>\n<!-- \/ Yoast SEO plugin. -->","yoast_head_json":{"title":"Attrezzature professionali per la ristorazione | HotmixPRO","description":"Attrezzature professionali per la ristorazione HotmixPRO\u00ae, scopri le nostre macchine multifunzione pensate per la ristorazione. Garanzia Made in Italy.","robots":{"index":"index","follow":"follow","max-snippet":"max-snippet:-1","max-image-preview":"max-image-preview:large","max-video-preview":"max-video-preview:-1"},"canonical":"https:\/\/hotmixpro.com\/it\/panoramica-hotmixpro\/","og_locale":"it_IT","og_type":"article","og_title":"Attrezzature professionali per la ristorazione | HotmixPRO","og_description":"Attrezzature professionali per la ristorazione HotmixPRO\u00ae, scopri le nostre macchine multifunzione pensate per la ristorazione. Garanzia Made in Italy.","og_url":"https:\/\/hotmixpro.com\/it\/panoramica-hotmixpro\/","og_site_name":"HotmixPRO","article_publisher":"https:\/\/facebook.com\/hotmixpro.page","article_modified_time":"2022-06-30T15:15:43+00:00","og_image":[{"url":"https:\/\/hotmixpro.tempurl.host\/wp-content\/uploads\/2013\/01\/Gastro-funzioni-promo-solo-EN.jpeg","type":"","width":"","height":""}],"twitter_card":"summary_large_image","twitter_misc":{"Tempo di lettura stimato":"3 minuti"},"schema":{"@context":"https:\/\/schema.org","@graph":[{"@type":"WebPage","@id":"https:\/\/hotmixpro.com\/it\/panoramica-hotmixpro\/","url":"https:\/\/hotmixpro.com\/it\/panoramica-hotmixpro\/","name":"Attrezzature professionali per la ristorazione | HotmixPRO","isPartOf":{"@id":"https:\/\/hotmixpro.com\/it\/#website"},"primaryImageOfPage":{"@id":"https:\/\/hotmixpro.com\/it\/panoramica-hotmixpro\/#primaryimage"},"image":{"@id":"https:\/\/hotmixpro.com\/it\/panoramica-hotmixpro\/#primaryimage"},"thumbnailUrl":"https:\/\/hotmixpro.tempurl.host\/wp-content\/uploads\/2013\/01\/Gastro-funzioni-promo-solo-EN.jpeg","datePublished":"2013-10-15T10:50:20+00:00","dateModified":"2022-06-30T15:15:43+00:00","description":"Attrezzature professionali per la ristorazione HotmixPRO\u00ae, scopri le nostre macchine multifunzione pensate per la ristorazione. Garanzia Made in Italy.","breadcrumb":{"@id":"https:\/\/hotmixpro.com\/it\/panoramica-hotmixpro\/#breadcrumb"},"inLanguage":"it-IT","potentialAction":[{"@type":"ReadAction","target":["https:\/\/hotmixpro.com\/it\/panoramica-hotmixpro\/"]}]},{"@type":"ImageObject","inLanguage":"it-IT","@id":"https:\/\/hotmixpro.com\/it\/panoramica-hotmixpro\/#primaryimage","url":"https:\/\/hotmixpro.tempurl.host\/wp-content\/uploads\/2013\/01\/Gastro-funzioni-promo-solo-EN.jpeg","contentUrl":"https:\/\/hotmixpro.tempurl.host\/wp-content\/uploads\/2013\/01\/Gastro-funzioni-promo-solo-EN.jpeg"},{"@type":"BreadcrumbList","@id":"https:\/\/hotmixpro.com\/it\/panoramica-hotmixpro\/#breadcrumb","itemListElement":[{"@type":"ListItem","position":1,"name":"Home","item":"https:\/\/hotmixpro.com\/it\/home\/"},{"@type":"ListItem","position":2,"name":"Panoramica HotmixPRO"}]},{"@type":"WebSite","@id":"https:\/\/hotmixpro.com\/it\/#website","url":"https:\/\/hotmixpro.com\/it\/","name":"HotmixPRO","description":"the Chef&#039;s choice","publisher":{"@id":"https:\/\/hotmixpro.com\/it\/#organization"},"potentialAction":[{"@type":"SearchAction","target":{"@type":"EntryPoint","urlTemplate":"https:\/\/hotmixpro.com\/it\/?s={search_term_string}"},"query-input":{"@type":"PropertyValueSpecification","valueRequired":true,"valueName":"search_term_string"}}],"inLanguage":"it-IT"},{"@type":"Organization","@id":"https:\/\/hotmixpro.com\/it\/#organization","name":"HotmixPRO","url":"https:\/\/hotmixpro.com\/it\/","logo":{"@type":"ImageObject","inLanguage":"it-IT","@id":"https:\/\/hotmixpro.com\/it\/#\/schema\/logo\/image\/","url":"https:\/\/hotmixpro.com\/wp-content\/uploads\/2020\/03\/unnamed-2.jpg","contentUrl":"https:\/\/hotmixpro.com\/wp-content\/uploads\/2020\/03\/unnamed-2.jpg","width":314,"height":115,"caption":"HotmixPRO"},"image":{"@id":"https:\/\/hotmixpro.com\/it\/#\/schema\/logo\/image\/"},"sameAs":["https:\/\/facebook.com\/hotmixpro.page","https:\/\/youtube.com\/hotmixprolab"]}]}},"_links":{"self":[{"href":"https:\/\/hotmixpro.com\/it\/wp-json\/wp\/v2\/pages\/11808","targetHints":{"allow":["GET"]}}],"collection":[{"href":"https:\/\/hotmixpro.com\/it\/wp-json\/wp\/v2\/pages"}],"about":[{"href":"https:\/\/hotmixpro.com\/it\/wp-json\/wp\/v2\/types\/page"}],"author":[{"embeddable":true,"href":"https:\/\/hotmixpro.com\/it\/wp-json\/wp\/v2\/users\/5"}],"replies":[{"embeddable":true,"href":"https:\/\/hotmixpro.com\/it\/wp-json\/wp\/v2\/comments?post=11808"}],"version-history":[{"count":0,"href":"https:\/\/hotmixpro.com\/it\/wp-json\/wp\/v2\/pages\/11808\/revisions"}],"wp:attachment":[{"href":"https:\/\/hotmixpro.com\/it\/wp-json\/wp\/v2\/media?parent=11808"}],"curies":[{"name":"wp","href":"https:\/\/api.w.org\/{rel}","templated":true}]}}