{"id":41546,"date":"2014-09-08T11:00:29","date_gmt":"2014-09-08T11:00:29","guid":{"rendered":"https:\/\/www.hotmixprochefs.com\/website-cookies-2\/"},"modified":"2022-07-12T14:57:12","modified_gmt":"2022-07-12T12:57:12","slug":"website-cookies-1","status":"publish","type":"page","link":"https:\/\/hotmixpro.com\/es\/website-cookies-1\/","title":{"rendered":"Website Cookies"},"content":{"rendered":"<div class=\"content-bootstrap-area\">[et_pb_section fb_built=\u00bb1&#8243; inner_shadow=\u00bbon\u00bb _builder_version=\u00bb4.16&#8243; background_color=\u00bbrgba(255,255,255,0)\u00bb parallax=\u00bbon\u00bb transparent_background=\u00bbon\u00bb global_colors_info=\u00bb{}\u00bb][et_pb_row _builder_version=\u00bb4.16&#8243; background_size=\u00bbinitial\u00bb background_position=\u00bbtop_left\u00bb background_repeat=\u00bbrepeat\u00bb global_colors_info=\u00bb{}\u00bb][et_pb_column type=\u00bb4_4&#8243; _builder_version=\u00bb4.16&#8243; custom_padding=\u00bb|||\u00bb global_colors_info=\u00bb{}\u00bb custom_padding__hover=\u00bb|||\u00bb][et_pb_text admin_label=\u00bbText\u00bb _builder_version=\u00bb4.16&#8243; background_size=\u00bbinitial\u00bb background_position=\u00bbtop_left\u00bb background_repeat=\u00bbrepeat\u00bb text_orientation=\u00bbcenter\u00bb background_layout=\u00bbdark\u00bb module_alignment=\u00bbcenter\u00bb global_colors_info=\u00bb{}\u00bb]\n<h1>\u00bfCOOKIE?<\/h1>\n<h2>\u00bfQu\u00e9 es eso?<\/h2>\n[\/et_pb_text][\/et_pb_column][\/et_pb_row][\/et_pb_section][et_pb_section fb_built=\u00bb1&#8243; _builder_version=\u00bb4.16&#8243; global_colors_info=\u00bb{}\u00bb][et_pb_row _builder_version=\u00bb4.16&#8243; background_size=\u00bbinitial\u00bb background_position=\u00bbtop_left\u00bb background_repeat=\u00bbrepeat\u00bb global_colors_info=\u00bb{}\u00bb column_structure=\u00bb2_3,1_3&#8243;][et_pb_column type=\u00bb2_3&#8243; _builder_version=\u00bb4.16&#8243; custom_padding=\u00bb|||\u00bb global_colors_info=\u00bb{}\u00bb custom_padding__hover=\u00bb|||\u00bb][et_pb_text admin_label=\u00bbText\u00bb _builder_version=\u00bb4.16&#8243; background_size=\u00bbinitial\u00bb background_position=\u00bbtop_left\u00bb background_repeat=\u00bbrepeat\u00bb global_colors_info=\u00bb{}\u00bb]\n<p>Estamos hablando de cookie de Internet, peque\u00f1as cantidades de informaciones que est\u00e1n compartidas entre tu computador y la p\u00e1gina web que visitas.<br \/>Para cumplir con las leyes de la UE, tenemos que informarte que nuestra p\u00e1gina web utiliza cookies.<\/p>\n<p>Los cookies PODR\u00cdAN ser utilizados para seguir tu comportamiento en l\u00ednea, pero la mayor\u00eda de las veces son utilizados para memorizar tus preferencias.\u00a0<br \/>Por ejemplo, utilizamos los cookies para gestionar tu sesi\u00f3n, analizar los datos y memorizar tu idioma preferido.<\/p>\n<p>Ejemplos de cookies:\u00a0[cookie_audit]\n<p>En pocas palabras: nuestros cookies son buenos, y puedes comerlos sin miedo! \ud83d\ude42<\/p>\n[\/et_pb_text][\/et_pb_column][et_pb_column type=\u00bb1_3&#8243; _builder_version=\u00bb4.16&#8243; custom_padding=\u00bb|||\u00bb global_colors_info=\u00bb{}\u00bb custom_padding__hover=\u00bb|||\u00bb][et_pb_image src=\u00bbhttps:\/\/hotmixpro.tempurl.host\/wp-content\/uploads\/2014\/09\/Choco_chip_cookie.png\u00bb align_tablet=\u00bbcenter\u00bb align_last_edited=\u00bbon|desktop\u00bb admin_label=\u00bbImage\u00bb _builder_version=\u00bb4.16&#8243; animation_style=\u00bbslide\u00bb animation_direction=\u00bbleft\u00bb animation_duration=\u00bb500ms\u00bb animation_intensity_slide=\u00bb10%\u00bb animation=\u00bbleft\u00bb sticky=\u00bboff\u00bb global_colors_info=\u00bb{}\u00bb align_phone=\u00bbcenter\u00bb][\/et_pb_image][\/et_pb_column][\/et_pb_row][\/et_pb_section]\n<\/div>","protected":false},"excerpt":{"rendered":"<p>\u00bfCOOKIE? \u00bfQu\u00e9 es eso? Estamos hablando de cookie de Internet, peque\u00f1as cantidades de informaciones que est\u00e1n compartidas entre tu computador y la p\u00e1gina web que visitas.Para cumplir con las leyes de la UE, tenemos que informarte que nuestra p\u00e1gina web utiliza cookies. Los cookies PODR\u00cdAN ser utilizados para seguir tu comportamiento en l\u00ednea, pero la [&hellip;]<\/p>\n","protected":false},"author":5,"featured_media":0,"parent":0,"menu_order":0,"comment_status":"open","ping_status":"closed","template":"","meta":{"_et_pb_use_builder":"on","_et_pb_old_content":"","_et_gb_content_width":"","footnotes":""},"class_list":["post-41546","page","type-page","status-publish","hentry"],"yoast_head":"<!-- This site is optimized with the Yoast SEO plugin v27.5 - https:\/\/yoast.com\/product\/yoast-seo-wordpress\/ -->\n<title>Website Cookies - HotmixPRO<\/title>\n<meta name=\"robots\" content=\"index, follow, max-snippet:-1, max-image-preview:large, max-video-preview:-1\" \/>\n<link rel=\"canonical\" href=\"https:\/\/hotmixpro.com\/es\/website-cookies-1\/\" \/>\n<meta property=\"og:locale\" content=\"es_ES\" \/>\n<meta property=\"og:type\" content=\"article\" \/>\n<meta property=\"og:title\" content=\"Website Cookies - HotmixPRO\" \/>\n<meta property=\"og:description\" content=\"\u00bfCOOKIE? \u00bfQu\u00e9 es eso? Estamos hablando de cookie de Internet, peque\u00f1as cantidades de informaciones que est\u00e1n compartidas entre tu computador y la p\u00e1gina web que visitas.Para cumplir con las leyes de la UE, tenemos que informarte que nuestra p\u00e1gina web utiliza cookies. Los cookies PODR\u00cdAN ser utilizados para seguir tu comportamiento en l\u00ednea, pero la [&hellip;]\" \/>\n<meta property=\"og:url\" content=\"https:\/\/hotmixpro.com\/es\/website-cookies-1\/\" \/>\n<meta property=\"og:site_name\" content=\"HotmixPRO\" \/>\n<meta property=\"article:publisher\" content=\"https:\/\/facebook.com\/hotmixpro.page\" \/>\n<meta property=\"article:modified_time\" content=\"2022-07-12T12:57:12+00:00\" \/>\n<meta name=\"twitter:card\" content=\"summary_large_image\" \/>\n<meta name=\"twitter:label1\" content=\"Tiempo de lectura\" \/>\n\t<meta name=\"twitter:data1\" content=\"2 minutos\" \/>\n<script type=\"application\/ld+json\" class=\"yoast-schema-graph\">{\"@context\":\"https:\\\/\\\/schema.org\",\"@graph\":[{\"@type\":\"WebPage\",\"@id\":\"https:\\\/\\\/hotmixpro.com\\\/es\\\/website-cookies-1\\\/\",\"url\":\"https:\\\/\\\/hotmixpro.com\\\/es\\\/website-cookies-1\\\/\",\"name\":\"Website Cookies - HotmixPRO\",\"isPartOf\":{\"@id\":\"https:\\\/\\\/hotmixpro.com\\\/es\\\/#website\"},\"datePublished\":\"2014-09-08T11:00:29+00:00\",\"dateModified\":\"2022-07-12T12:57:12+00:00\",\"breadcrumb\":{\"@id\":\"https:\\\/\\\/hotmixpro.com\\\/es\\\/website-cookies-1\\\/#breadcrumb\"},\"inLanguage\":\"es\",\"potentialAction\":[{\"@type\":\"ReadAction\",\"target\":[\"https:\\\/\\\/hotmixpro.com\\\/es\\\/website-cookies-1\\\/\"]}]},{\"@type\":\"BreadcrumbList\",\"@id\":\"https:\\\/\\\/hotmixpro.com\\\/es\\\/website-cookies-1\\\/#breadcrumb\",\"itemListElement\":[{\"@type\":\"ListItem\",\"position\":1,\"name\":\"Home\",\"item\":\"https:\\\/\\\/hotmixpro.com\\\/es\\\/hometest\\\/\"},{\"@type\":\"ListItem\",\"position\":2,\"name\":\"Website Cookies\"}]},{\"@type\":\"WebSite\",\"@id\":\"https:\\\/\\\/hotmixpro.com\\\/es\\\/#website\",\"url\":\"https:\\\/\\\/hotmixpro.com\\\/es\\\/\",\"name\":\"HotmixPRO\",\"description\":\"the Chef&#039;s choice\",\"publisher\":{\"@id\":\"https:\\\/\\\/hotmixpro.com\\\/es\\\/#organization\"},\"potentialAction\":[{\"@type\":\"SearchAction\",\"target\":{\"@type\":\"EntryPoint\",\"urlTemplate\":\"https:\\\/\\\/hotmixpro.com\\\/es\\\/?s={search_term_string}\"},\"query-input\":{\"@type\":\"PropertyValueSpecification\",\"valueRequired\":true,\"valueName\":\"search_term_string\"}}],\"inLanguage\":\"es\"},{\"@type\":\"Organization\",\"@id\":\"https:\\\/\\\/hotmixpro.com\\\/es\\\/#organization\",\"name\":\"HotmixPRO\",\"url\":\"https:\\\/\\\/hotmixpro.com\\\/es\\\/\",\"logo\":{\"@type\":\"ImageObject\",\"inLanguage\":\"es\",\"@id\":\"https:\\\/\\\/hotmixpro.com\\\/es\\\/#\\\/schema\\\/logo\\\/image\\\/\",\"url\":\"https:\\\/\\\/hotmixpro.com\\\/wp-content\\\/uploads\\\/2020\\\/03\\\/unnamed-2.jpg\",\"contentUrl\":\"https:\\\/\\\/hotmixpro.com\\\/wp-content\\\/uploads\\\/2020\\\/03\\\/unnamed-2.jpg\",\"width\":314,\"height\":115,\"caption\":\"HotmixPRO\"},\"image\":{\"@id\":\"https:\\\/\\\/hotmixpro.com\\\/es\\\/#\\\/schema\\\/logo\\\/image\\\/\"},\"sameAs\":[\"https:\\\/\\\/facebook.com\\\/hotmixpro.page\",\"https:\\\/\\\/youtube.com\\\/hotmixprolab\"]}]}<\/script>\n<!-- \/ Yoast SEO plugin. -->","yoast_head_json":{"title":"Website Cookies - HotmixPRO","robots":{"index":"index","follow":"follow","max-snippet":"max-snippet:-1","max-image-preview":"max-image-preview:large","max-video-preview":"max-video-preview:-1"},"canonical":"https:\/\/hotmixpro.com\/es\/website-cookies-1\/","og_locale":"es_ES","og_type":"article","og_title":"Website Cookies - HotmixPRO","og_description":"\u00bfCOOKIE? \u00bfQu\u00e9 es eso? Estamos hablando de cookie de Internet, peque\u00f1as cantidades de informaciones que est\u00e1n compartidas entre tu computador y la p\u00e1gina web que visitas.Para cumplir con las leyes de la UE, tenemos que informarte que nuestra p\u00e1gina web utiliza cookies. Los cookies PODR\u00cdAN ser utilizados para seguir tu comportamiento en l\u00ednea, pero la [&hellip;]","og_url":"https:\/\/hotmixpro.com\/es\/website-cookies-1\/","og_site_name":"HotmixPRO","article_publisher":"https:\/\/facebook.com\/hotmixpro.page","article_modified_time":"2022-07-12T12:57:12+00:00","twitter_card":"summary_large_image","twitter_misc":{"Tiempo de lectura":"2 minutos"},"schema":{"@context":"https:\/\/schema.org","@graph":[{"@type":"WebPage","@id":"https:\/\/hotmixpro.com\/es\/website-cookies-1\/","url":"https:\/\/hotmixpro.com\/es\/website-cookies-1\/","name":"Website Cookies - HotmixPRO","isPartOf":{"@id":"https:\/\/hotmixpro.com\/es\/#website"},"datePublished":"2014-09-08T11:00:29+00:00","dateModified":"2022-07-12T12:57:12+00:00","breadcrumb":{"@id":"https:\/\/hotmixpro.com\/es\/website-cookies-1\/#breadcrumb"},"inLanguage":"es","potentialAction":[{"@type":"ReadAction","target":["https:\/\/hotmixpro.com\/es\/website-cookies-1\/"]}]},{"@type":"BreadcrumbList","@id":"https:\/\/hotmixpro.com\/es\/website-cookies-1\/#breadcrumb","itemListElement":[{"@type":"ListItem","position":1,"name":"Home","item":"https:\/\/hotmixpro.com\/es\/hometest\/"},{"@type":"ListItem","position":2,"name":"Website Cookies"}]},{"@type":"WebSite","@id":"https:\/\/hotmixpro.com\/es\/#website","url":"https:\/\/hotmixpro.com\/es\/","name":"HotmixPRO","description":"the Chef&#039;s choice","publisher":{"@id":"https:\/\/hotmixpro.com\/es\/#organization"},"potentialAction":[{"@type":"SearchAction","target":{"@type":"EntryPoint","urlTemplate":"https:\/\/hotmixpro.com\/es\/?s={search_term_string}"},"query-input":{"@type":"PropertyValueSpecification","valueRequired":true,"valueName":"search_term_string"}}],"inLanguage":"es"},{"@type":"Organization","@id":"https:\/\/hotmixpro.com\/es\/#organization","name":"HotmixPRO","url":"https:\/\/hotmixpro.com\/es\/","logo":{"@type":"ImageObject","inLanguage":"es","@id":"https:\/\/hotmixpro.com\/es\/#\/schema\/logo\/image\/","url":"https:\/\/hotmixpro.com\/wp-content\/uploads\/2020\/03\/unnamed-2.jpg","contentUrl":"https:\/\/hotmixpro.com\/wp-content\/uploads\/2020\/03\/unnamed-2.jpg","width":314,"height":115,"caption":"HotmixPRO"},"image":{"@id":"https:\/\/hotmixpro.com\/es\/#\/schema\/logo\/image\/"},"sameAs":["https:\/\/facebook.com\/hotmixpro.page","https:\/\/youtube.com\/hotmixprolab"]}]}},"_links":{"self":[{"href":"https:\/\/hotmixpro.com\/es\/wp-json\/wp\/v2\/pages\/41546","targetHints":{"allow":["GET"]}}],"collection":[{"href":"https:\/\/hotmixpro.com\/es\/wp-json\/wp\/v2\/pages"}],"about":[{"href":"https:\/\/hotmixpro.com\/es\/wp-json\/wp\/v2\/types\/page"}],"author":[{"embeddable":true,"href":"https:\/\/hotmixpro.com\/es\/wp-json\/wp\/v2\/users\/5"}],"replies":[{"embeddable":true,"href":"https:\/\/hotmixpro.com\/es\/wp-json\/wp\/v2\/comments?post=41546"}],"version-history":[{"count":0,"href":"https:\/\/hotmixpro.com\/es\/wp-json\/wp\/v2\/pages\/41546\/revisions"}],"wp:attachment":[{"href":"https:\/\/hotmixpro.com\/es\/wp-json\/wp\/v2\/media?parent=41546"}],"curies":[{"name":"wp","href":"https:\/\/api.w.org\/{rel}","templated":true}]}}