{"id":869630,"date":"2022-07-11T17:29:27","date_gmt":"2022-07-11T15:29:27","guid":{"rendered":"https:\/\/hotmixpro.tempurl.host\/?page_id=869630"},"modified":"2022-08-10T11:03:42","modified_gmt":"2022-08-10T09:03:42","slug":"lageplan","status":"publish","type":"page","link":"https:\/\/hotmixpro.com\/de\/lageplan\/","title":{"rendered":"Lageplan"},"content":{"rendered":"<div class=\"content-bootstrap-area\">[et_pb_section fb_built=&#8220;1&#8243; admin_label=&#8220;section&#8220; _builder_version=&#8220;4.16&#8243; global_colors_info=&#8220;{}&#8220;][et_pb_row admin_label=&#8220;row&#8220; _builder_version=&#8220;4.16&#8243; background_size=&#8220;initial&#8220; background_position=&#8220;top_left&#8220; background_repeat=&#8220;repeat&#8220; global_colors_info=&#8220;{}&#8220;][et_pb_column type=&#8220;4_4&#8243; _builder_version=&#8220;4.16&#8243; custom_padding=&#8220;|||&#8220; global_colors_info=&#8220;{}&#8220; custom_padding__hover=&#8220;|||&#8220;][et_pb_text admin_label=&#8220;Text&#8220; _builder_version=&#8220;4.17.6&#8243; background_size=&#8220;initial&#8220; background_position=&#8220;top_left&#8220; background_repeat=&#8220;repeat&#8220; hover_enabled=&#8220;0&#8243; global_colors_info=&#8220;{}&#8220; sticky_enabled=&#8220;0&#8243;]\n<h1 style=\"font-size: 24px;\">LAGEPLAN<\/h1>\n<ul>\n<li style=\"list-style-type: none;\">\n<ul>\n<li><a title=\"Professionelle multifunktionale K\u00fcchenmaschine\" href=\"https:\/\/hotmixpro.tempurl.host\/de\/\">Professionelle multifunktionale K\u00fcchenmaschine<\/a><\/li>\n<li><a title=\"Kontakt\" href=\"https:\/\/hotmixpro.tempurl.host\/de\/kontakt-uns\/\"> Kontakt <\/a><\/li>\n<li><a title=\"Attrezzature professionali per la ristorazione\" href=\"https:\/\/hotmixpro.tempurl.host\/it\/panoramica-hotmixpro\/\">Attrezzature professionali per la ristorazione<\/a><\/li>\n<li><a title=\"Robot da cucina professionali per ristorazione\" href=\"https:\/\/hotmixpro.tempurl.host\/it\/\" target=\"_blank\" rel=\"noopener noreferrer\">Robot da cucina professionali per ristorazione<\/a><\/li>\n<li><a title=\"Multifunction food processor professional\" href=\"https:\/\/hotmixpro.tempurl.host\/\">Multifunction food processor professional<\/a><\/li>\n<li><a title=\"Robot de cuisine professionnel multifonctionnel\" href=\"https:\/\/hotmixpro.tempurl.host\/fr\/\">Robot de cuisine professionnel multifonctionnel<\/a><\/li>\n<li><a title=\"Procesador de alimentos multifunci\u00f3n profesional\" href=\"https:\/\/hotmixpro.tempurl.host\/es\/\">Procesador de alimentos multifunci\u00f3n profesional<\/a><\/li>\n<\/ul>\n<h4><strong> HOTMIXPRO-PRODUKTPALETTE <\/strong><\/h4>\n<ul>\n<li><a title=\"Professionelle Eiscreme- und K\u00fcchenmaschin\" href=\"https:\/\/hotmixpro.tempurl.host\/de\/hmpro-model\/hotmixpro-combi-2\/\"> Professionelle Eiscreme- und K\u00fcchenmaschine <\/a><\/li>\n<li><a title=\"Professionelle Teigknetmaschinen und Sauerteigmaschinen f\u00fcr das Gastst\u00e4ttengewerbe\" href=\"https:\/\/hotmixpro.tempurl.host\/de\/hmpro-model\/hotmixpro-creative\/\"> Professionelle Teigknetmaschinen und Sauerteigmaschinen f\u00fcr das Gastst\u00e4ttengewerbe <\/a><\/li>\n<li><a title=\"Professioneller Dehydrator f\u00fcr die Gastronomie\" href=\"https:\/\/hotmixpro.tempurl.host\/de\/hmpro-model\/hotmixpro-dry\/\"> Professioneller Dehydrator f\u00fcr die Gastronomie<\/a><\/li>\n<li><a title=\"Professioneller Homogenisator f\u00fcr die Gastronomie\" href=\"https:\/\/hotmixpro.tempurl.host\/de\/hmpro-model\/hotmixpro-easy\/\"> Professioneller Homogenisator f\u00fcr die Gastronomie<\/a><\/li>\n<li><a title=\"Professioneller Emulgatorschneider f\u00fcr die Gastronomie\" href=\"https:\/\/hotmixpro.tempurl.host\/de\/hmpro-model\/hotmixpro-gastro-x\/\"> Professioneller Emulgatorschneider f\u00fcr die Gastronomie<\/a><\/li>\n<li><a title=\"Professioneller Fleischwolf f\u00fcr die Gastronomie\" href=\"https:\/\/hotmixpro.tempurl.host\/de\/hmpro-model\/hotmixpro-gastro\/\"> Professioneller Fleischwolf f\u00fcr die Gastronomie <\/a><\/li>\n<li><a title=\"Professionelles Kochen, Vakuumschneiden und Trocknen\" href=\"https:\/\/hotmixpro.tempurl.host\/de\/hmpro-model\/hotmixpro-master\/\"> Professionelles Kochen, Vakuumschneiden und Trocknen <\/a><\/li>\n<li><a title=\"Professioneller Kaltr\u00e4ucherer f\u00fcr Restaurants\" href=\"https:\/\/hotmixpro.tempurl.host\/de\/hmpro-model\/hotmixpro-smoke\/\">Professioneller Kaltr\u00e4ucherer f\u00fcr Restaurants<\/a><\/li>\n<li><a title=\"Profi-Schneideger\u00e4te f\u00fcr die Gro\u00dfk\u00fcche\" href=\"https:\/\/hotmixpro.tempurl.host\/de\/hmpro-model\/hotmixpro-twin\/\">Profi-Schneideger\u00e4te f\u00fcr die Gro\u00dfk\u00fcche<\/a><\/li>\n<li><a title=\"Professioneller Thermomixer f\u00fcr die Gastronomie\" href=\"https:\/\/hotmixpro.tempurl.host\/de\/hmpro-model\/hotmixpro-5-stars\/\">Professioneller Thermomixer f\u00fcr die Gastronomie <\/a><\/li>\n<li><a title=\"Professioneller Kuttermixer f\u00fcr die Gastronomie\" href=\"https:\/\/hotmixpro.tempurl.host\/de\/hmpro-model\/hotmixpro-breeze\/\"> Professioneller Kuttermixer f\u00fcr die Gastronomie <\/a><\/li>\n<\/ul>\n<\/li>\n<\/ul>\n[\/et_pb_text][\/et_pb_column][\/et_pb_row][\/et_pb_section]\n<\/div>","protected":false},"excerpt":{"rendered":"<p>[et_pb_section fb_built=&#8220;1&#8243; admin_label=&#8220;section&#8220; _builder_version=&#8220;4.16&#8243; global_colors_info=&#8220;{}&#8220;][et_pb_row admin_label=&#8220;row&#8220; _builder_version=&#8220;4.16&#8243; background_size=&#8220;initial&#8220; background_position=&#8220;top_left&#8220; background_repeat=&#8220;repeat&#8220; global_colors_info=&#8220;{}&#8220;][et_pb_column type=&#8220;4_4&#8243; _builder_version=&#8220;4.16&#8243; custom_padding=&#8220;|||&#8220; global_colors_info=&#8220;{}&#8220; custom_padding__hover=&#8220;|||&#8220;][et_pb_text admin_label=&#8220;Text&#8220; _builder_version=&#8220;4.17.6&#8243; background_size=&#8220;initial&#8220; background_position=&#8220;top_left&#8220; background_repeat=&#8220;repeat&#8220; hover_enabled=&#8220;0&#8243; global_colors_info=&#8220;{}&#8220; sticky_enabled=&#8220;0&#8243;] LAGEPLAN Professionelle multifunktionale K\u00fcchenmaschine Kontakt Attrezzature professionali per la ristorazione Robot da cucina professionali per ristorazione Multifunction food processor professional Robot de cuisine professionnel multifonctionnel Procesador de alimentos multifunci\u00f3n profesional HOTMIXPRO-PRODUKTPALETTE [&hellip;]<\/p>\n","protected":false},"author":5,"featured_media":0,"parent":0,"menu_order":0,"comment_status":"closed","ping_status":"closed","template":"","meta":{"_et_pb_use_builder":"","_et_pb_old_content":"","_et_gb_content_width":"","footnotes":""},"class_list":["post-869630","page","type-page","status-publish","hentry"],"yoast_head":"<!-- This site is optimized with the Yoast SEO plugin v27.5 - https:\/\/yoast.com\/product\/yoast-seo-wordpress\/ -->\n<title>Lageplan - HotmixPRO<\/title>\n<meta name=\"robots\" content=\"index, follow, max-snippet:-1, max-image-preview:large, max-video-preview:-1\" \/>\n<link rel=\"canonical\" href=\"https:\/\/hotmixpro.com\/de\/lageplan\/\" \/>\n<meta property=\"og:locale\" content=\"de_DE\" \/>\n<meta property=\"og:type\" content=\"article\" \/>\n<meta property=\"og:title\" content=\"Lageplan - HotmixPRO\" \/>\n<meta property=\"og:description\" content=\"[et_pb_section fb_built=&#8220;1&#8243; admin_label=&#8220;section&#8220; _builder_version=&#8220;4.16&#8243; global_colors_info=&#8220;{}&#8220;][et_pb_row admin_label=&#8220;row&#8220; _builder_version=&#8220;4.16&#8243; background_size=&#8220;initial&#8220; background_position=&#8220;top_left&#8220; background_repeat=&#8220;repeat&#8220; global_colors_info=&#8220;{}&#8220;][et_pb_column type=&#8220;4_4&#8243; _builder_version=&#8220;4.16&#8243; custom_padding=&#8220;|||&#8220; global_colors_info=&#8220;{}&#8220; custom_padding__hover=&#8220;|||&#8220;][et_pb_text admin_label=&#8220;Text&#8220; _builder_version=&#8220;4.17.6&#8243; background_size=&#8220;initial&#8220; background_position=&#8220;top_left&#8220; background_repeat=&#8220;repeat&#8220; hover_enabled=&#8220;0&#8243; global_colors_info=&#8220;{}&#8220; sticky_enabled=&#8220;0&#8243;] LAGEPLAN Professionelle multifunktionale K\u00fcchenmaschine Kontakt Attrezzature professionali per la ristorazione Robot da cucina professionali per ristorazione Multifunction food processor professional Robot de cuisine professionnel multifonctionnel Procesador de alimentos multifunci\u00f3n profesional HOTMIXPRO-PRODUKTPALETTE [&hellip;]\" \/>\n<meta property=\"og:url\" content=\"https:\/\/hotmixpro.com\/de\/lageplan\/\" \/>\n<meta property=\"og:site_name\" content=\"HotmixPRO\" \/>\n<meta property=\"article:publisher\" content=\"https:\/\/facebook.com\/hotmixpro.page\" \/>\n<meta property=\"article:modified_time\" content=\"2022-08-10T09:03:42+00:00\" \/>\n<meta name=\"twitter:card\" content=\"summary_large_image\" \/>\n<meta name=\"twitter:label1\" content=\"Gesch\u00e4tzte Lesezeit\" \/>\n\t<meta name=\"twitter:data1\" content=\"1\u00a0Minute\" \/>\n<script type=\"application\/ld+json\" class=\"yoast-schema-graph\">{\"@context\":\"https:\\\/\\\/schema.org\",\"@graph\":[{\"@type\":\"WebPage\",\"@id\":\"https:\\\/\\\/hotmixpro.com\\\/de\\\/lageplan\\\/\",\"url\":\"https:\\\/\\\/hotmixpro.com\\\/de\\\/lageplan\\\/\",\"name\":\"Lageplan - HotmixPRO\",\"isPartOf\":{\"@id\":\"https:\\\/\\\/hotmixpro.com\\\/de\\\/#website\"},\"datePublished\":\"2022-07-11T15:29:27+00:00\",\"dateModified\":\"2022-08-10T09:03:42+00:00\",\"breadcrumb\":{\"@id\":\"https:\\\/\\\/hotmixpro.com\\\/de\\\/lageplan\\\/#breadcrumb\"},\"inLanguage\":\"de\",\"potentialAction\":[{\"@type\":\"ReadAction\",\"target\":[\"https:\\\/\\\/hotmixpro.com\\\/de\\\/lageplan\\\/\"]}]},{\"@type\":\"BreadcrumbList\",\"@id\":\"https:\\\/\\\/hotmixpro.com\\\/de\\\/lageplan\\\/#breadcrumb\",\"itemListElement\":[{\"@type\":\"ListItem\",\"position\":1,\"name\":\"Home\",\"item\":\"https:\\\/\\\/hotmixpro.com\\\/de\\\/hometest\\\/\"},{\"@type\":\"ListItem\",\"position\":2,\"name\":\"Lageplan\"}]},{\"@type\":\"WebSite\",\"@id\":\"https:\\\/\\\/hotmixpro.com\\\/de\\\/#website\",\"url\":\"https:\\\/\\\/hotmixpro.com\\\/de\\\/\",\"name\":\"HotmixPRO\",\"description\":\"the Chef&#039;s choice\",\"publisher\":{\"@id\":\"https:\\\/\\\/hotmixpro.com\\\/de\\\/#organization\"},\"potentialAction\":[{\"@type\":\"SearchAction\",\"target\":{\"@type\":\"EntryPoint\",\"urlTemplate\":\"https:\\\/\\\/hotmixpro.com\\\/de\\\/?s={search_term_string}\"},\"query-input\":{\"@type\":\"PropertyValueSpecification\",\"valueRequired\":true,\"valueName\":\"search_term_string\"}}],\"inLanguage\":\"de\"},{\"@type\":\"Organization\",\"@id\":\"https:\\\/\\\/hotmixpro.com\\\/de\\\/#organization\",\"name\":\"HotmixPRO\",\"url\":\"https:\\\/\\\/hotmixpro.com\\\/de\\\/\",\"logo\":{\"@type\":\"ImageObject\",\"inLanguage\":\"de\",\"@id\":\"https:\\\/\\\/hotmixpro.com\\\/de\\\/#\\\/schema\\\/logo\\\/image\\\/\",\"url\":\"https:\\\/\\\/hotmixpro.com\\\/wp-content\\\/uploads\\\/2020\\\/03\\\/unnamed-2.jpg\",\"contentUrl\":\"https:\\\/\\\/hotmixpro.com\\\/wp-content\\\/uploads\\\/2020\\\/03\\\/unnamed-2.jpg\",\"width\":314,\"height\":115,\"caption\":\"HotmixPRO\"},\"image\":{\"@id\":\"https:\\\/\\\/hotmixpro.com\\\/de\\\/#\\\/schema\\\/logo\\\/image\\\/\"},\"sameAs\":[\"https:\\\/\\\/facebook.com\\\/hotmixpro.page\",\"https:\\\/\\\/youtube.com\\\/hotmixprolab\"]}]}<\/script>\n<!-- \/ Yoast SEO plugin. -->","yoast_head_json":{"title":"Lageplan - HotmixPRO","robots":{"index":"index","follow":"follow","max-snippet":"max-snippet:-1","max-image-preview":"max-image-preview:large","max-video-preview":"max-video-preview:-1"},"canonical":"https:\/\/hotmixpro.com\/de\/lageplan\/","og_locale":"de_DE","og_type":"article","og_title":"Lageplan - HotmixPRO","og_description":"[et_pb_section fb_built=&#8220;1&#8243; admin_label=&#8220;section&#8220; _builder_version=&#8220;4.16&#8243; global_colors_info=&#8220;{}&#8220;][et_pb_row admin_label=&#8220;row&#8220; _builder_version=&#8220;4.16&#8243; background_size=&#8220;initial&#8220; background_position=&#8220;top_left&#8220; background_repeat=&#8220;repeat&#8220; global_colors_info=&#8220;{}&#8220;][et_pb_column type=&#8220;4_4&#8243; _builder_version=&#8220;4.16&#8243; custom_padding=&#8220;|||&#8220; global_colors_info=&#8220;{}&#8220; custom_padding__hover=&#8220;|||&#8220;][et_pb_text admin_label=&#8220;Text&#8220; _builder_version=&#8220;4.17.6&#8243; background_size=&#8220;initial&#8220; background_position=&#8220;top_left&#8220; background_repeat=&#8220;repeat&#8220; hover_enabled=&#8220;0&#8243; global_colors_info=&#8220;{}&#8220; sticky_enabled=&#8220;0&#8243;] LAGEPLAN Professionelle multifunktionale K\u00fcchenmaschine Kontakt Attrezzature professionali per la ristorazione Robot da cucina professionali per ristorazione Multifunction food processor professional Robot de cuisine professionnel multifonctionnel Procesador de alimentos multifunci\u00f3n profesional HOTMIXPRO-PRODUKTPALETTE [&hellip;]","og_url":"https:\/\/hotmixpro.com\/de\/lageplan\/","og_site_name":"HotmixPRO","article_publisher":"https:\/\/facebook.com\/hotmixpro.page","article_modified_time":"2022-08-10T09:03:42+00:00","twitter_card":"summary_large_image","twitter_misc":{"Gesch\u00e4tzte Lesezeit":"1\u00a0Minute"},"schema":{"@context":"https:\/\/schema.org","@graph":[{"@type":"WebPage","@id":"https:\/\/hotmixpro.com\/de\/lageplan\/","url":"https:\/\/hotmixpro.com\/de\/lageplan\/","name":"Lageplan - HotmixPRO","isPartOf":{"@id":"https:\/\/hotmixpro.com\/de\/#website"},"datePublished":"2022-07-11T15:29:27+00:00","dateModified":"2022-08-10T09:03:42+00:00","breadcrumb":{"@id":"https:\/\/hotmixpro.com\/de\/lageplan\/#breadcrumb"},"inLanguage":"de","potentialAction":[{"@type":"ReadAction","target":["https:\/\/hotmixpro.com\/de\/lageplan\/"]}]},{"@type":"BreadcrumbList","@id":"https:\/\/hotmixpro.com\/de\/lageplan\/#breadcrumb","itemListElement":[{"@type":"ListItem","position":1,"name":"Home","item":"https:\/\/hotmixpro.com\/de\/hometest\/"},{"@type":"ListItem","position":2,"name":"Lageplan"}]},{"@type":"WebSite","@id":"https:\/\/hotmixpro.com\/de\/#website","url":"https:\/\/hotmixpro.com\/de\/","name":"HotmixPRO","description":"the Chef&#039;s choice","publisher":{"@id":"https:\/\/hotmixpro.com\/de\/#organization"},"potentialAction":[{"@type":"SearchAction","target":{"@type":"EntryPoint","urlTemplate":"https:\/\/hotmixpro.com\/de\/?s={search_term_string}"},"query-input":{"@type":"PropertyValueSpecification","valueRequired":true,"valueName":"search_term_string"}}],"inLanguage":"de"},{"@type":"Organization","@id":"https:\/\/hotmixpro.com\/de\/#organization","name":"HotmixPRO","url":"https:\/\/hotmixpro.com\/de\/","logo":{"@type":"ImageObject","inLanguage":"de","@id":"https:\/\/hotmixpro.com\/de\/#\/schema\/logo\/image\/","url":"https:\/\/hotmixpro.com\/wp-content\/uploads\/2020\/03\/unnamed-2.jpg","contentUrl":"https:\/\/hotmixpro.com\/wp-content\/uploads\/2020\/03\/unnamed-2.jpg","width":314,"height":115,"caption":"HotmixPRO"},"image":{"@id":"https:\/\/hotmixpro.com\/de\/#\/schema\/logo\/image\/"},"sameAs":["https:\/\/facebook.com\/hotmixpro.page","https:\/\/youtube.com\/hotmixprolab"]}]}},"_links":{"self":[{"href":"https:\/\/hotmixpro.com\/de\/wp-json\/wp\/v2\/pages\/869630","targetHints":{"allow":["GET"]}}],"collection":[{"href":"https:\/\/hotmixpro.com\/de\/wp-json\/wp\/v2\/pages"}],"about":[{"href":"https:\/\/hotmixpro.com\/de\/wp-json\/wp\/v2\/types\/page"}],"author":[{"embeddable":true,"href":"https:\/\/hotmixpro.com\/de\/wp-json\/wp\/v2\/users\/5"}],"replies":[{"embeddable":true,"href":"https:\/\/hotmixpro.com\/de\/wp-json\/wp\/v2\/comments?post=869630"}],"version-history":[{"count":0,"href":"https:\/\/hotmixpro.com\/de\/wp-json\/wp\/v2\/pages\/869630\/revisions"}],"wp:attachment":[{"href":"https:\/\/hotmixpro.com\/de\/wp-json\/wp\/v2\/media?parent=869630"}],"curies":[{"name":"wp","href":"https:\/\/api.w.org\/{rel}","templated":true}]}}